{"id":9314,"date":"2023-09-14T17:52:36","date_gmt":"2023-09-14T20:52:36","guid":{"rendered":"https:\/\/elvs-tuc.infd.edu.ar\/sitio\/?page_id=9314"},"modified":"2023-09-14T20:43:16","modified_gmt":"2023-09-14T23:43:16","slug":"estructura-curricular","status":"publish","type":"page","link":"https:\/\/elvs-tuc.infd.edu.ar\/sitio\/estructura-curricular\/","title":{"rendered":"<strong>Estructura Curricular<\/strong>"},"content":{"rendered":"<h4>Niveles de formaci\u00f3n<\/h4>\n<h5>La escuela es de car\u00e1cter experimental y en su organizaci\u00f3n educativa, abarca los cuatro niveles de ense\u00f1anza establecidos por la Ley de Educaci\u00f3n Nacional: Inicial, Primario, Secundario y Superior.<\/h5>\n<hr \/>\n<h4><strong>Estructura Curricular<\/strong><\/h4>\n<h5>La estructura curricular se compone de 5 ciclos que se entrelazan para formar una propuesta acad\u00e9mica integral. Se destaca el \u00e9nfasis especial en la organizaci\u00f3n, articulaci\u00f3n y coordinaci\u00f3n de las diversas \u00e1reas de formaci\u00f3n desde el Jard\u00edn de Infantes hasta el 11\u00ba grado.<\/h5>\n<p><img decoding=\"async\" loading=\"lazy\" class=\"size-full wp-image-9315 aligncenter\" src=\"https:\/\/elvs-tuc.infd.edu.ar\/sitio\/wp-content\/uploads\/2023\/09\/estructura-curricular.png\" alt=\"\" width=\"1000\" height=\"490\" srcset=\"https:\/\/elvs-tuc.infd.edu.ar\/sitio\/wp-content\/uploads\/2023\/09\/estructura-curricular.png 1000w, https:\/\/elvs-tuc.infd.edu.ar\/sitio\/wp-content\/uploads\/2023\/09\/estructura-curricular-768x376.png 768w\" sizes=\"(max-width: 1000px) 100vw, 1000px\" \/><\/p>\n","protected":false},"excerpt":{"rendered":"<p>Niveles de formaci\u00f3n La escuela es de car\u00e1cter experimental y en su organizaci\u00f3n educativa, abarca los cuatro niveles de ense\u00f1anza establecidos por la Ley de Educaci\u00f3n Nacional: Inicial, Primario, Secundario y Superior. Estructura Curricular La estructura curricular se compone de 5 ciclos que se entrelazan para formar una propuesta acad\u00e9mica integral. Se destaca el \u00e9nfasis &#8230; <a title=\"Estructura Curricular\" class=\"read-more\" href=\"https:\/\/elvs-tuc.infd.edu.ar\/sitio\/estructura-curricular\/\" aria-label=\"More on Estructura Curricular\">[+]<\/a><\/p>\n","protected":false},"author":275,"featured_media":0,"parent":0,"menu_order":0,"comment_status":"closed","ping_status":"closed","template":"","meta":[],"acf":[],"_links":{"self":[{"href":"https:\/\/elvs-tuc.infd.edu.ar\/sitio\/wp-json\/wp\/v2\/pages\/9314"}],"collection":[{"href":"https:\/\/elvs-tuc.infd.edu.ar\/sitio\/wp-json\/wp\/v2\/pages"}],"about":[{"href":"https:\/\/elvs-tuc.infd.edu.ar\/sitio\/wp-json\/wp\/v2\/types\/page"}],"author":[{"embeddable":true,"href":"https:\/\/elvs-tuc.infd.edu.ar\/sitio\/wp-json\/wp\/v2\/users\/275"}],"replies":[{"embeddable":true,"href":"https:\/\/elvs-tuc.infd.edu.ar\/sitio\/wp-json\/wp\/v2\/comments?post=9314"}],"version-history":[{"count":24,"href":"https:\/\/elvs-tuc.infd.edu.ar\/sitio\/wp-json\/wp\/v2\/pages\/9314\/revisions"}],"predecessor-version":[{"id":9371,"href":"https:\/\/elvs-tuc.infd.edu.ar\/sitio\/wp-json\/wp\/v2\/pages\/9314\/revisions\/9371"}],"wp:attachment":[{"href":"https:\/\/elvs-tuc.infd.edu.ar\/sitio\/wp-json\/wp\/v2\/media?parent=9314"}],"curies":[{"name":"wp","href":"https:\/\/api.w.org\/{rel}","templated":true}]}}