{"id":6615,"date":"2022-06-23T00:06:21","date_gmt":"2022-06-23T03:06:21","guid":{"rendered":"https:\/\/elvs-tuc.infd.edu.ar\/sitio\/?page_id=6615"},"modified":"2024-07-26T21:23:07","modified_gmt":"2024-07-27T00:23:07","slug":"padron-del-estamento-egresadas","status":"publish","type":"page","link":"https:\/\/elvs-tuc.infd.edu.ar\/sitio\/padron-del-estamento-egresadas\/","title":{"rendered":"Padr\u00f3n del estamento EGRESADAS"},"content":{"rendered":"<h5>Padr\u00f3n del estamento <span style=\"color: #993300;\">EGRESADAS<\/span> para integrar el Consejo Asesor Interno.<\/h5>\n<table class=\"dcf-table dcf-table-responsive dcf-table-bordered dcf-table-striped dcf-w-100%\">\n<tbody>\n<tr>\n<td>\n<h5>ORDEN<\/h5>\n<\/td>\n<td>\n<h5>APELLIDO Y NOMBRES<\/h5>\n<\/td>\n<td>\n<h5>D.U.<\/h5>\n<\/td>\n<\/tr>\n<tr>\n<td>\n<h5>1<\/h5>\n<\/td>\n<td>\n<h5>Lucia Ana Cisint<\/h5>\n<\/td>\n<td>\n<h5>24802736<\/h5>\n<\/td>\n<\/tr>\n<tr>\n<td>\n<h5>2<\/h5>\n<\/td>\n<td>\n<h5>Viviana Balella<\/h5>\n<\/td>\n<td>\n<h5>25735501<\/h5>\n<\/td>\n<\/tr>\n<tr>\n<td>\n<h5>3<\/h5>\n<\/td>\n<td>\n<h5>Valentina Garcia Salemi<\/h5>\n<\/td>\n<td>\n<h5>25498552<\/h5>\n<\/td>\n<\/tr>\n<tr>\n<td>\n<h5>4<\/h5>\n<\/td>\n<td>\n<h5>Fernanda Constanza Amalia Antoni Piossek<\/h5>\n<\/td>\n<td>\n<h5>25734870<\/h5>\n<\/td>\n<\/tr>\n<tr>\n<td>\n<h5>5<\/h5>\n<\/td>\n<td>\n<h5>Mariana Azar<\/h5>\n<\/td>\n<td>\n<h5>25498689<\/h5>\n<\/td>\n<\/tr>\n<tr>\n<td>\n<h5>6<\/h5>\n<\/td>\n<td>\n<h5>Vilma del Valle Ludue\u00f1a Rold\u00e1n<\/h5>\n<\/td>\n<td>\n<h5>18185530<\/h5>\n<\/td>\n<\/tr>\n<tr>\n<td>\n<h5>7<\/h5>\n<\/td>\n<td>\n<h5>Ana Cecilia Garc\u00eda Salemi<\/h5>\n<\/td>\n<td>\n<h5>27211324<\/h5>\n<\/td>\n<\/tr>\n<tr>\n<td>\n<h5>8<\/h5>\n<\/td>\n<td>\n<h5>Luca P\u00e9rez Cerimele<\/h5>\n<\/td>\n<td>\n<h5>27016595<\/h5>\n<\/td>\n<\/tr>\n<tr>\n<td>\n<h5>9<\/h5>\n<\/td>\n<td>\n<h5>Susana Salvatierra<\/h5>\n<\/td>\n<td>\n<h5>20433362<\/h5>\n<\/td>\n<\/tr>\n<tr>\n<td>\n<h5>10<\/h5>\n<\/td>\n<td>\n<h5>Silvana Mar\u00eda Leonor Soria Rossi<\/h5>\n<\/td>\n<td>\n<h5>27017627<\/h5>\n<\/td>\n<\/tr>\n<tr>\n<td>\n<h5>11<\/h5>\n<\/td>\n<td>\n<h5>Florencia Salas Auad<\/h5>\n<\/td>\n<td>\n<h5>36224138<\/h5>\n<\/td>\n<\/tr>\n<tr>\n<td>\n<h5>12<\/h5>\n<\/td>\n<td>\n<h5>Juliana Batalla<\/h5>\n<\/td>\n<td>\n<h5>25543571<\/h5>\n<\/td>\n<\/tr>\n<tr>\n<td>\n<h5>13<\/h5>\n<\/td>\n<td>\n<h5>Mar\u00eda Federica Briones<\/h5>\n<\/td>\n<td>\n<h5>23132346<\/h5>\n<\/td>\n<\/tr>\n<tr>\n<td>\n<h5>14<\/h5>\n<\/td>\n<td>\n<h5>Carla Serrano<\/h5>\n<\/td>\n<td>\n<h5>25251446<\/h5>\n<\/td>\n<\/tr>\n<tr>\n<td>\n<h5>15<\/h5>\n<\/td>\n<td>\n<h5>Lucia Doz Costa<\/h5>\n<\/td>\n<td>\n<h5>30442221<\/h5>\n<\/td>\n<\/tr>\n<tr>\n<td>\n<h5>16<\/h5>\n<\/td>\n<td>\n<h5>Anabella Antoni Piossek<\/h5>\n<\/td>\n<td>\n<h5>27960980<\/h5>\n<\/td>\n<\/tr>\n<tr>\n<td>\n<h5>17<\/h5>\n<\/td>\n<td>\n<h5>Claudia In\u00e9s L\u00f3pez<\/h5>\n<\/td>\n<td>\n<h5>14480635<\/h5>\n<\/td>\n<\/tr>\n<tr>\n<td>\n<h5>18<\/h5>\n<\/td>\n<td>\n<h5>Mariela Reinoso<\/h5>\n<\/td>\n<td>\n<h5>18228081<\/h5>\n<\/td>\n<\/tr>\n<tr>\n<td>\n<h5>19<\/h5>\n<\/td>\n<td>\n<h5>Raisa Erlich<\/h5>\n<\/td>\n<td>\n<h5>41182140<\/h5>\n<\/td>\n<\/tr>\n<tr>\n<td>\n<h5>20<\/h5>\n<\/td>\n<td>\n<h5>Erika Ba\u00f1os<\/h5>\n<\/td>\n<td>\n<h5>30498139<\/h5>\n<\/td>\n<\/tr>\n<tr>\n<td>\n<h5>21<\/h5>\n<\/td>\n<td>\n<h5>Mar\u00eda Del Sol Ya\u00f1ez<\/h5>\n<\/td>\n<td>\n<h5>27365188<\/h5>\n<\/td>\n<\/tr>\n<tr>\n<td>\n<h5>22<\/h5>\n<\/td>\n<td>\n<h5>Estela Maria Assaf<\/h5>\n<\/td>\n<td>\n<h5>5419555<\/h5>\n<\/td>\n<\/tr>\n<tr>\n<td>\n<h5>23<\/h5>\n<\/td>\n<td>\n<h5>Mar\u00eda Eugenia Rezvinski<\/h5>\n<\/td>\n<td>\n<h5>27751821<\/h5>\n<\/td>\n<\/tr>\n<tr>\n<td>\n<h5>24<\/h5>\n<\/td>\n<td>\n<h5>Marta Alicia Ju\u00e1rez<\/h5>\n<\/td>\n<td>\n<h5>12449639<\/h5>\n<\/td>\n<\/tr>\n<tr>\n<td>\n<h5>25<\/h5>\n<\/td>\n<td>\n<h5>Estela Mirta Ja\u00e9n<\/h5>\n<\/td>\n<td>\n<h5>10220775<\/h5>\n<\/td>\n<\/tr>\n<tr>\n<td>\n<h5>26<\/h5>\n<\/td>\n<td>\n<h5>Mar\u00eda Magdalena Pisa<\/h5>\n<\/td>\n<td>\n<h5>23519202<\/h5>\n<\/td>\n<\/tr>\n<tr>\n<td>\n<h5>27<\/h5>\n<\/td>\n<td>\n<h5>Silvia Gabriela Nassif<\/h5>\n<\/td>\n<td>\n<h5>30442341<\/h5>\n<\/td>\n<\/tr>\n<tr>\n<td>\n<h5>28<\/h5>\n<\/td>\n<td>\n<h5>Florencia Vallino<\/h5>\n<\/td>\n<td>\n<h5>34133192<\/h5>\n<\/td>\n<\/tr>\n<tr>\n<td>\n<h5>29<\/h5>\n<\/td>\n<td>\n<h5>Alvarado Griselda Judith<\/h5>\n<\/td>\n<td>\n<h5>34357406<\/h5>\n<\/td>\n<\/tr>\n<tr>\n<td>\n<h5>30<\/h5>\n<\/td>\n<td>\n<h5>Cecilia Laskowski<\/h5>\n<\/td>\n<td>\n<h5>26408240<\/h5>\n<\/td>\n<\/tr>\n<tr>\n<td>\n<h5>31<\/h5>\n<\/td>\n<td>\n<h5>Maria Eugenia Ostengo<\/h5>\n<\/td>\n<td>\n<h5>34186566<\/h5>\n<\/td>\n<\/tr>\n<tr>\n<td>\n<h5>32<\/h5>\n<\/td>\n<td>\n<h5>Manuela Falc\u00f3n<\/h5>\n<\/td>\n<td>\n<h5>35142246<\/h5>\n<\/td>\n<\/tr>\n<tr>\n<td>\n<h5>33<\/h5>\n<\/td>\n<td>\n<h5>Daniela Beatriz Dantur<\/h5>\n<\/td>\n<td>\n<h5>23015713<\/h5>\n<\/td>\n<\/tr>\n<tr>\n<td>\n<h5>34<\/h5>\n<\/td>\n<td>\n<h5>Lourdes Orellana Arias<\/h5>\n<\/td>\n<td>\n<h5>44476062<\/h5>\n<\/td>\n<\/tr>\n<tr>\n<td>\n<h5>35<\/h5>\n<\/td>\n<td>\n<h5>Tania Nasrallah<\/h5>\n<\/td>\n<td>\n<h5>37191422<\/h5>\n<\/td>\n<\/tr>\n<tr>\n<td>\n<h5>36<\/h5>\n<\/td>\n<td>\n<h5>Amparo Garrocho<\/h5>\n<\/td>\n<td>\n<h5>45729437<\/h5>\n<\/td>\n<\/tr>\n<tr>\n<td>\n<h5>37<\/h5>\n<\/td>\n<td>\n<h5>Mariana Acu\u00f1a<\/h5>\n<\/td>\n<td>\n<h5>43026458<\/h5>\n<\/td>\n<\/tr>\n<tr>\n<td>\n<h5>38<\/h5>\n<\/td>\n<td>\n<h5>Silvia Susana Sandoval<\/h5>\n<\/td>\n<td>\n<h5>11475814<\/h5>\n<\/td>\n<\/tr>\n<tr>\n<td>\n<h5>39<\/h5>\n<\/td>\n<td>\n<h5>Melina In\u00e9s Meuli<\/h5>\n<\/td>\n<td>\n<h5>22263727<\/h5>\n<\/td>\n<\/tr>\n<tr>\n<td>\n<h5>40<\/h5>\n<\/td>\n<td>\n<h5>Ivelina Maria Vallejo<\/h5>\n<\/td>\n<td>\n<h5>24671106<\/h5>\n<\/td>\n<\/tr>\n<tr>\n<td>\n<h5>41<\/h5>\n<\/td>\n<td>\n<h5>Mar\u00eda Florencia Dantur<\/h5>\n<\/td>\n<td>\n<h5>27961422<\/h5>\n<\/td>\n<\/tr>\n<tr>\n<td>\n<h5>42<\/h5>\n<\/td>\n<td>\n<h5>Ver\u00f3nica Apud<\/h5>\n<\/td>\n<td>\n<h5>27962126<\/h5>\n<\/td>\n<\/tr>\n<tr>\n<td>\n<h5>43<\/h5>\n<\/td>\n<td>\n<h5>Solana Luz Dantur<\/h5>\n<\/td>\n<td>\n<h5>44814201<\/h5>\n<\/td>\n<\/tr>\n<\/tbody>\n<\/table>\n<p><body ondragstart=\"return false\" onselectstart=\"return false\" oncontextmenu=\"return false\"><\/p>\n","protected":false},"excerpt":{"rendered":"<p>Padr\u00f3n del estamento EGRESADAS para integrar el Consejo Asesor Interno. ORDEN APELLIDO Y NOMBRES D.U. 1 Lucia Ana Cisint 24802736 2 Viviana Balella 25735501 3 Valentina Garcia Salemi 25498552 4 Fernanda Constanza Amalia Antoni Piossek 25734870 5 Mariana Azar 25498689 6 Vilma del Valle Ludue\u00f1a Rold\u00e1n 18185530 7 Ana Cecilia Garc\u00eda Salemi 27211324 8 Luca &#8230; <a title=\"Padr\u00f3n del estamento EGRESADAS\" class=\"read-more\" href=\"https:\/\/elvs-tuc.infd.edu.ar\/sitio\/padron-del-estamento-egresadas\/\" aria-label=\"More on Padr\u00f3n del estamento EGRESADAS\">[+]<\/a><\/p>\n","protected":false},"author":275,"featured_media":0,"parent":0,"menu_order":0,"comment_status":"closed","ping_status":"closed","template":"","meta":[],"acf":[],"_links":{"self":[{"href":"https:\/\/elvs-tuc.infd.edu.ar\/sitio\/wp-json\/wp\/v2\/pages\/6615"}],"collection":[{"href":"https:\/\/elvs-tuc.infd.edu.ar\/sitio\/wp-json\/wp\/v2\/pages"}],"about":[{"href":"https:\/\/elvs-tuc.infd.edu.ar\/sitio\/wp-json\/wp\/v2\/types\/page"}],"author":[{"embeddable":true,"href":"https:\/\/elvs-tuc.infd.edu.ar\/sitio\/wp-json\/wp\/v2\/users\/275"}],"replies":[{"embeddable":true,"href":"https:\/\/elvs-tuc.infd.edu.ar\/sitio\/wp-json\/wp\/v2\/comments?post=6615"}],"version-history":[{"count":22,"href":"https:\/\/elvs-tuc.infd.edu.ar\/sitio\/wp-json\/wp\/v2\/pages\/6615\/revisions"}],"predecessor-version":[{"id":11787,"href":"https:\/\/elvs-tuc.infd.edu.ar\/sitio\/wp-json\/wp\/v2\/pages\/6615\/revisions\/11787"}],"wp:attachment":[{"href":"https:\/\/elvs-tuc.infd.edu.ar\/sitio\/wp-json\/wp\/v2\/media?parent=6615"}],"curies":[{"name":"wp","href":"https:\/\/api.w.org\/{rel}","templated":true}]}}