{"id":14983,"date":"2026-04-01T13:28:02","date_gmt":"2026-04-01T16:28:02","guid":{"rendered":"https:\/\/elvs-tuc.infd.edu.ar\/sitio\/?page_id=14983"},"modified":"2026-04-06T02:36:24","modified_gmt":"2026-04-06T05:36:24","slug":"llamado-a-concursos-2026","status":"publish","type":"page","link":"https:\/\/elvs-tuc.infd.edu.ar\/sitio\/llamado-a-concursos-2026\/","title":{"rendered":"llamado a concursos 2026"},"content":{"rendered":"<p><img decoding=\"async\" loading=\"lazy\" class=\"alignnone size-full wp-image-14985\" src=\"https:\/\/elvs-tuc.infd.edu.ar\/sitio\/wp-content\/uploads\/2026\/04\/llamado-a-concurso-abierto-INTERNA-.jpg\" alt=\"\" width=\"900\" height=\"200\" srcset=\"https:\/\/elvs-tuc.infd.edu.ar\/sitio\/wp-content\/uploads\/2026\/04\/llamado-a-concurso-abierto-INTERNA-.jpg 900w, https:\/\/elvs-tuc.infd.edu.ar\/sitio\/wp-content\/uploads\/2026\/04\/llamado-a-concurso-abierto-INTERNA--768x171.jpg 768w\" sizes=\"(max-width: 900px) 100vw, 900px\" \/><\/p>\n<h5><span style=\"color: #ff6600;\"><strong>CONSIDERACIONES GENERALES<\/strong><\/span><\/h5>\n<ul>\n<li>\n<h5>Conocimiento previo de la Reglamentaci\u00f3n vigente para Concursos del Personal Docente de las Escuelas Experimentales de la Universidad Nacional de Tucum\u00e1n: Resoluci\u00f3n N\u00b0568\/00 y sus modificatorias.<\/h5>\n<\/li>\n<li>\n<h5>El llenado del formulario se hace en sesi\u00f3n \u00fanica con correo de Gmail exclusivamente.<\/h5>\n<\/li>\n<li>\n<h5>Carga obligatoria de archivos PDF:<\/h5>\n<h5>&#8211; CV (uno, hasta 10 Mb), \u00a0<\/h5>\n<h5>&#8211; Documentaci\u00f3n Probatoria (hasta cinco, 100 MB max. c\/archivo).<\/h5>\n<h5>&#8211; Comprobante de Dep\u00f3sito bancario.<\/h5>\n<\/li>\n<li>\n<h5>Valor inscripci\u00f3n: <strong>$ 5.000<\/strong> por asignatura\/cargo<\/h5>\n<h5>Cuenta de Recursos Propios de la Instituci\u00f3n:<\/h5>\n<h5>Cta Cte N\u00b0<strong>19253-8089-4<\/strong><\/h5>\n<h5>CBU <strong>N\u00ba 00700894-20000019253846. Alias: ESCUELA.SARMIENTO<\/strong><\/h5>\n<\/li>\n<\/ul>\n<ul>\n<li>\n<h5>La documentaci\u00f3n cargada en pdf debe coincidir en un todo con la documentaci\u00f3n probatoria en papel que podr\u00e1 ser requerida por el jurado al momento de sustanciarse el concurso.<\/h5>\n<\/li>\n<li>\n<h5>La documentaci\u00f3n del CV y la documentaci\u00f3n probatoria deben estar ordenadas cronol\u00f3gicamente y todos los antecedentes que figuren en el CV deben figurar en la documentaci\u00f3n probatoria, caso contrario podr\u00e1n ser desestimados por el jurado.<\/h5>\n<\/li>\n<\/ul>\n<h5>Consultas: Tel. 4211071\/ Virgen de La Merced 29 . De 08 a 12 horas.<\/h5>\n<h5>Email: <a href=\"mailto:elvs.concursos@webmail.unt.edu.arr\">elvs.concursos@webmail.unt.edu.ar<\/a><\/h5>\n<h5>LOS DATOS CARGADOS EN LOS FORMULARIOS TIENEN CAR\u00c1CTER DE DECLARACI\u00d3N JURADA.<\/h5>\n<hr \/>\n<h5><span style=\"color: #ff6600;\"><strong>LLAMADO A CONCURSO EN LOS SIGUIENTES CARGOS COMO PROFESOR REGULAR EN:<\/strong><\/span><\/h5>\n<table class=\"dcf-table dcf-table-responsive dcf-w-100%\">\n<thead>\n<tr>\n<th scope=\"col\">Numero<\/th>\n<th scope=\"col\">Asignatura \/Cargo<\/th>\n<th scope=\"col\">N\u00famero de Expediente<\/th>\n<th scope=\"col\">Resoluci\u00f3n N\u00ba<\/th>\n<th scope=\"col\">Horas C\u00e1tedra<\/th>\n<th scope=\"col\">C\u00f3digo<\/th>\n<th scope=\"col\">Inscripci\u00f3n<\/th>\n<th scope=\"col\">Acta de Cierre de Inscripci\u00f3n<\/th>\n<\/tr>\n<\/thead>\n<tbody>\n<tr>\n<th scope=\"row\">1<\/th>\n<td data-label=\"Asignatura \/Cargo\">Ingl\u00e9s. Dpto. de Aplicaci\u00f3n<\/td>\n<td data-label=\"N\u00famero de Expediente\">Exp- Elvs- me- 3246\/2025<\/td>\n<td data-label=\"Resoluci\u00f3n N\u00ba\">DCEER 1557\/2026<\/td>\n<td data-label=\"Horas C\u00e1tedra\">12 (doce)\u00a0<\/td>\n<td data-label=\"C\u00f3digo\">732<\/td>\n<td data-label=\"Inscripci\u00f3n\">para inscribirse, haga <a href=\"https:\/\/forms.gle\/isSXMaVBjc3os3ik6\" target=\"_blank\" rel=\"noopener\">clic ac\u00e1<\/a><\/td>\n<td data-label=\"Acta de Cierre de Inscripci\u00f3n\">\u00a0<\/td>\n<\/tr>\n<tr>\n<th scope=\"row\">2<\/th>\n<td data-label=\"Asignatura \/Cargo\">Lengua Extranjera Franc\u00e9s &#8211;<\/td>\n<td data-label=\"N\u00famero de Expediente\">Exp- Elvs- me- 2653\/2025<\/td>\n<td data-label=\"Resoluci\u00f3n N\u00ba\">DCEER- 1645\/2026<\/td>\n<td data-label=\"Horas C\u00e1tedra\">12 (doce)\u00a0<\/td>\n<td data-label=\"C\u00f3digo\">732<\/td>\n<td data-label=\"Inscripci\u00f3n\">para inscribirse, haga <a href=\"https:\/\/forms.gle\/CSFjpHZqYvhp22aP7\" target=\"_blank\" rel=\"noopener\">clic ac\u00e1<\/a><\/td>\n<td data-label=\"Acta de Cierre de Inscripci\u00f3n\">\u00a0<\/td>\n<\/tr>\n<tr>\n<th scope=\"row\">3<\/th>\n<td data-label=\"Asignatura \/Cargo\">Preceptor\/a &#8211; Formaci\u00f3n Docente\u00a0<\/td>\n<td data-label=\"N\u00famero de Expediente\">Exp- Elvs- me- 2648\/2025<\/td>\n<td data-label=\"Resoluci\u00f3n N\u00ba\">DCEER- 1648\/2026<\/td>\n<td data-label=\"Horas C\u00e1tedra\">\u00a0<\/td>\n<td data-label=\"C\u00f3digo\">744<\/td>\n<td data-label=\"Inscripci\u00f3n\">para inscribirse, haga <a href=\"https:\/\/forms.gle\/4HUcmmPUbS7Bm1iB8\" target=\"_blank\" rel=\"noopener\">clic ac\u00e1<\/a><\/td>\n<td data-label=\"Acta de Cierre de Inscripci\u00f3n\">\u00a0<\/td>\n<\/tr>\n<tr>\n<th scope=\"row\">4<\/th>\n<td data-label=\"Asignatura \/Cargo\">Ayudante T\u00e9cnico de Trabajos Pr\u00e1cticos con funciones de Coordinaci\u00f3n Interdepartamental<\/td>\n<td data-label=\"N\u00famero de Expediente\">Exp- Elvs- me- 1130\/2024<\/td>\n<td data-label=\"Resoluci\u00f3n N\u00ba\">DCEER-1668\/2026<\/td>\n<td data-label=\"Horas C\u00e1tedra\">\u00a0<\/td>\n<td data-label=\"C\u00f3digo\">771<\/td>\n<td data-label=\"Inscripci\u00f3n\">para inscribirse, haga <a href=\"https:\/\/forms.gle\/27kYrYp6dftwcvyg9\" target=\"_blank\" rel=\"noopener\">clic ac\u00e1<\/a><\/td>\n<td data-label=\"Acta de Cierre de Inscripci\u00f3n\">\u00a0<\/td>\n<\/tr>\n<tr>\n<th scope=\"row\">5<\/th>\n<td data-label=\"Asignatura \/Cargo\">Biolog\u00eda III, 3\u00b0 A\u00d1O A y B\u00a0<\/td>\n<td data-label=\"N\u00famero de Expediente\">Exp- Elvs- me- 2185\/2023<\/td>\n<td data-label=\"Resoluci\u00f3n N\u00ba\">DCEER 15542\/2025<\/td>\n<td data-label=\"Horas C\u00e1tedra\">3 (tres)\u00a0<\/td>\n<td data-label=\"C\u00f3digo\">732<\/td>\n<td data-label=\"Inscripci\u00f3n\">para inscribirse, haga <a href=\"https:\/\/forms.gle\/Z6swgLSGNGDULDEs5\" target=\"_blank\" rel=\"noopener\">clic ac\u00e1<\/a><\/td>\n<td data-label=\"Acta de Cierre de Inscripci\u00f3n\">\u00a0<\/td>\n<\/tr>\n<tr>\n<th scope=\"row\">6<\/th>\n<td data-label=\"Asignatura \/Cargo\">Maestra de Grado- Dpto. de Aplicaci\u00f3n<\/td>\n<td data-label=\"N\u00famero de Expediente\">Exp- Elvs- me- 3331\/2025<\/td>\n<td data-label=\"Resoluci\u00f3n N\u00ba\">DCEER N\u00ba 1865\/2026<\/td>\n<td data-label=\"Horas C\u00e1tedra\">\u00a0<\/td>\n<td data-label=\"C\u00f3digo\">761<\/td>\n<td data-label=\"Inscripci\u00f3n\">para inscribirse, haga <a href=\"https:\/\/forms.gle\/jR9P11VqTnjHwG6P6\" target=\"_blank\" rel=\"noopener\">clic ac\u00e1<\/a><\/td>\n<td data-label=\"Acta de Cierre de Inscripci\u00f3n\">\u00a0<\/td>\n<\/tr>\n<tr>\n<th scope=\"row\">7<\/th>\n<td data-label=\"Asignatura \/Cargo\">Psic\u00f3logo de Gabinete\u00a0<\/td>\n<td data-label=\"N\u00famero de Expediente\">Exp- Elvs- me- 2639\/2025<\/td>\n<td data-label=\"Resoluci\u00f3n N\u00ba\">DCEER 1710\/2026<\/td>\n<td data-label=\"Horas C\u00e1tedra\">10 (diez)\u00a0<\/td>\n<td data-label=\"C\u00f3digo\">733<\/td>\n<td data-label=\"Inscripci\u00f3n\">para inscribirse, haga <a href=\"https:\/\/forms.gle\/9ktpDGfo9kbiFjt86\" target=\"_blank\" rel=\"noopener\">clic ac\u00e1<\/a><\/td>\n<td data-label=\"Acta de Cierre de Inscripci\u00f3n\">\u00a0<\/td>\n<\/tr>\n<tr>\n<th scope=\"row\">8<\/th>\n<td data-label=\"Asignatura \/Cargo\">Ingl\u00e9s &#8211; Dpto. de Aplicaci\u00f3n<\/td>\n<td data-label=\"N\u00famero de Expediente\">Exp- Elvs- me- 21102\/2025<\/td>\n<td data-label=\"Resoluci\u00f3n N\u00ba\">RES. N\u00ba 0798\/2023<\/td>\n<td data-label=\"Horas C\u00e1tedra\">12 (doce)<\/td>\n<td data-label=\"C\u00f3digo\">732<\/td>\n<td data-label=\"Inscripci\u00f3n\">para inscribirse, haga <a href=\"https:\/\/forms.gle\/KVkC8uQ59y3BqaB8A\" target=\"_blank\" rel=\"noopener\">clic ac\u00e1<\/a><\/td>\n<td data-label=\"Acta de Cierre de Inscripci\u00f3n\">\u00a0<\/td>\n<\/tr>\n<tr>\n<th scope=\"row\">9<\/th>\n<td data-label=\"Asignatura \/Cargo\">Lengua y Literatura- 10\u00b0 TC<\/td>\n<td data-label=\"N\u00famero de Expediente\">Exp- Elvs- me- 1953\/2023<\/td>\n<td data-label=\"Resoluci\u00f3n N\u00ba\">DCEER 3622\/2025<\/td>\n<td data-label=\"Horas C\u00e1tedra\">2 (dos)\u00a0<\/td>\n<td data-label=\"C\u00f3digo\">732<\/td>\n<td data-label=\"Inscripci\u00f3n\">para inscribirse, haga <a href=\"https:\/\/forms.gle\/AzdcqjSQAg8PCHZU9\" target=\"_blank\" rel=\"noopener\">clic ac\u00e1<\/a><\/td>\n<td data-label=\"Acta de Cierre de Inscripci\u00f3n\">\u00a0<\/td>\n<\/tr>\n<tr>\n<th scope=\"row\">10<\/th>\n<td data-label=\"Asignatura \/Cargo\">Maestro Especial de M\u00fasica- Jefe de Secci\u00f3n<\/td>\n<td data-label=\"N\u00famero de Expediente\">Exp- Elvs- me- 2143\/2023<\/td>\n<td data-label=\"Resoluci\u00f3n N\u00ba\">DCEER 14553\/2025<\/td>\n<td data-label=\"Horas C\u00e1tedra\">\u00a0<\/td>\n<td data-label=\"C\u00f3digo\">760<\/td>\n<td data-label=\"Inscripci\u00f3n\">para inscribirse, haga <a href=\"https:\/\/forms.gle\/CEkneVYp2WKeh33o6\" target=\"_blank\" rel=\"noopener\">clic ac\u00e1<\/a><\/td>\n<td data-label=\"Acta de Cierre de Inscripci\u00f3n\">\u00a0<\/td>\n<\/tr>\n<tr>\n<th scope=\"row\">11<\/th>\n<td data-label=\"Asignatura \/Cargo\">Maestra de Grado- Dpto. de Aplicaci\u00f3n<\/td>\n<td data-label=\"N\u00famero de Expediente\">Exp- Elvs- me- 3307\/2025<\/td>\n<td data-label=\"Resoluci\u00f3n N\u00ba\">DCEER 1837\/2026<\/td>\n<td data-label=\"Horas C\u00e1tedra\">\u00a0<\/td>\n<td data-label=\"C\u00f3digo\">761<\/td>\n<td data-label=\"Inscripci\u00f3n\">para inscribirse, haga <a href=\"https:\/\/forms.gle\/jKFGqyu9oxFRfNEeA\" target=\"_blank\" rel=\"noopener\">clic ac\u00e1<\/a><\/td>\n<td data-label=\"Acta de Cierre de Inscripci\u00f3n\">\u00a0<\/td>\n<\/tr>\n<\/tbody>\n<\/table>\n<hr \/>\n<h5><span style=\"color: #ff6600;\">REGLAMENTOS<\/span><\/h5>\n<h5>RESOLUCI\u00d3N N\u00b0 568 2000. Reglamento para concursos del personal docente de las escuelas experimentales de la UNT. Para descargarlo, haga<a href=\"https:\/\/elvs-tuc.infd.edu.ar\/sitio\/wp-content\/uploads\/2023\/09\/0568-00.pdf\" target=\"_blank\" rel=\"noopener\"> clic aqu\u00ed.<\/a><\/h5>\n<p><body ondragstart=\"return false\" onselectstart=\"return false\" oncontextmenu=\"return false\"><\/p>\n","protected":false},"excerpt":{"rendered":"<p>CONSIDERACIONES GENERALES Conocimiento previo de la Reglamentaci\u00f3n vigente para Concursos del Personal Docente de las Escuelas Experimentales de la Universidad Nacional de Tucum\u00e1n: Resoluci\u00f3n N\u00b0568\/00 y sus modificatorias. El llenado del formulario se hace en sesi\u00f3n \u00fanica con correo de Gmail exclusivamente. Carga obligatoria de archivos PDF: &#8211; CV (uno, hasta 10 Mb), \u00a0 &#8211; &#8230; <a title=\"llamado a concursos 2026\" class=\"read-more\" href=\"https:\/\/elvs-tuc.infd.edu.ar\/sitio\/llamado-a-concursos-2026\/\" aria-label=\"More on llamado a concursos 2026\">[+]<\/a><\/p>\n","protected":false},"author":275,"featured_media":0,"parent":0,"menu_order":0,"comment_status":"closed","ping_status":"closed","template":"","meta":[],"acf":[],"_links":{"self":[{"href":"https:\/\/elvs-tuc.infd.edu.ar\/sitio\/wp-json\/wp\/v2\/pages\/14983"}],"collection":[{"href":"https:\/\/elvs-tuc.infd.edu.ar\/sitio\/wp-json\/wp\/v2\/pages"}],"about":[{"href":"https:\/\/elvs-tuc.infd.edu.ar\/sitio\/wp-json\/wp\/v2\/types\/page"}],"author":[{"embeddable":true,"href":"https:\/\/elvs-tuc.infd.edu.ar\/sitio\/wp-json\/wp\/v2\/users\/275"}],"replies":[{"embeddable":true,"href":"https:\/\/elvs-tuc.infd.edu.ar\/sitio\/wp-json\/wp\/v2\/comments?post=14983"}],"version-history":[{"count":34,"href":"https:\/\/elvs-tuc.infd.edu.ar\/sitio\/wp-json\/wp\/v2\/pages\/14983\/revisions"}],"predecessor-version":[{"id":15042,"href":"https:\/\/elvs-tuc.infd.edu.ar\/sitio\/wp-json\/wp\/v2\/pages\/14983\/revisions\/15042"}],"wp:attachment":[{"href":"https:\/\/elvs-tuc.infd.edu.ar\/sitio\/wp-json\/wp\/v2\/media?parent=14983"}],"curies":[{"name":"wp","href":"https:\/\/api.w.org\/{rel}","templated":true}]}}