{"id":14698,"date":"2026-03-06T14:58:14","date_gmt":"2026-03-06T17:58:14","guid":{"rendered":"https:\/\/elvs-tuc.infd.edu.ar\/sitio\/?page_id=14698"},"modified":"2026-03-18T21:08:10","modified_gmt":"2026-03-19T00:08:10","slug":"elecciones-unt-2026","status":"publish","type":"page","link":"https:\/\/elvs-tuc.infd.edu.ar\/sitio\/elecciones-unt-2026\/","title":{"rendered":"Inscripci\u00f3n al Padr\u00f3n de Egresadas"},"content":{"rendered":"<h5>Elecciones generales de renovaci\u00f3n total de cargos y \u00d3rganos de Gobierno de la Universidad Nacional de Tucum\u00e1n &#8211; 2026<\/h5>\n<p><strong>&#8211;\u00a0 Para visualizar el cronograma electoral, haga <a href=\"https:\/\/elvs-tuc.infd.edu.ar\/sitio\/wp-content\/uploads\/2026\/02\/CRONOGRAMA-ELECTORAL-2026.pdf\" target=\"_blank\" rel=\"noopener\">clic ac\u00e1<\/a><\/strong><\/p>\n<p><strong>&#8211; Para visualizar la adecuaci\u00f3n de secuencias 3 y 4 del cronograma electoral, haga <a href=\"https:\/\/elvs-tuc.infd.edu.ar\/sitio\/wp-content\/uploads\/2026\/03\/RES-JE-1114-2026-ADECUACION-SECUENCIAS-3-Y-4-DEL-CRONOGRAMA-ELECTORAL-2026.pdf\" target=\"_blank\" rel=\"noopener\">clic ac\u00e1<\/a><\/strong><\/p>\n<hr \/>\n<p><strong>INSCRIPCI\u00d3N AL PADR\u00d3N DE EGRESADAS<\/strong><\/p>\n<p>Se encuentra abierta la inscripci\u00f3n para la conformaci\u00f3n del <strong>Padr\u00f3n de Egresadas<\/strong>.<\/p>\n<p><strong>Requisitos de inscripci\u00f3n<\/strong><\/p>\n<ul>\n<li>Ser egresada de la escuela.<\/li>\n<li>Presentar DNI f\u00edsico al momento de la inscripci\u00f3n.<\/li>\n<li>Presentar el t\u00edtulo otorgado o fotocopia autenticada del mismo.<\/li>\n<\/ul>\n<p><strong>Plazo de inscripci\u00f3n:<\/strong> hasta el 18 de marzo de 2026.<br \/><strong>Lugar:<\/strong> Biblioteca.<br \/><strong>Horario:<\/strong> de 08:00 a 12:00 horas.<\/p>\n<p><body ondragstart=\"return false\" onselectstart=\"return false\" oncontextmenu=\"return false\"><\/p>\n","protected":false},"excerpt":{"rendered":"<p>Elecciones generales de renovaci\u00f3n total de cargos y \u00d3rganos de Gobierno de la Universidad Nacional de Tucum\u00e1n &#8211; 2026 &#8211;\u00a0 Para visualizar el cronograma electoral, haga clic ac\u00e1 &#8211; Para visualizar la adecuaci\u00f3n de secuencias 3 y 4 del cronograma electoral, haga clic ac\u00e1 INSCRIPCI\u00d3N AL PADR\u00d3N DE EGRESADAS Se encuentra abierta la inscripci\u00f3n para &#8230; <a title=\"Inscripci\u00f3n al Padr\u00f3n de Egresadas\" class=\"read-more\" href=\"https:\/\/elvs-tuc.infd.edu.ar\/sitio\/elecciones-unt-2026\/\" aria-label=\"More on Inscripci\u00f3n al Padr\u00f3n de Egresadas\">[+]<\/a><\/p>\n","protected":false},"author":275,"featured_media":0,"parent":0,"menu_order":0,"comment_status":"closed","ping_status":"closed","template":"","meta":[],"acf":[],"_links":{"self":[{"href":"https:\/\/elvs-tuc.infd.edu.ar\/sitio\/wp-json\/wp\/v2\/pages\/14698"}],"collection":[{"href":"https:\/\/elvs-tuc.infd.edu.ar\/sitio\/wp-json\/wp\/v2\/pages"}],"about":[{"href":"https:\/\/elvs-tuc.infd.edu.ar\/sitio\/wp-json\/wp\/v2\/types\/page"}],"author":[{"embeddable":true,"href":"https:\/\/elvs-tuc.infd.edu.ar\/sitio\/wp-json\/wp\/v2\/users\/275"}],"replies":[{"embeddable":true,"href":"https:\/\/elvs-tuc.infd.edu.ar\/sitio\/wp-json\/wp\/v2\/comments?post=14698"}],"version-history":[{"count":24,"href":"https:\/\/elvs-tuc.infd.edu.ar\/sitio\/wp-json\/wp\/v2\/pages\/14698\/revisions"}],"predecessor-version":[{"id":14960,"href":"https:\/\/elvs-tuc.infd.edu.ar\/sitio\/wp-json\/wp\/v2\/pages\/14698\/revisions\/14960"}],"wp:attachment":[{"href":"https:\/\/elvs-tuc.infd.edu.ar\/sitio\/wp-json\/wp\/v2\/media?parent=14698"}],"curies":[{"name":"wp","href":"https:\/\/api.w.org\/{rel}","templated":true}]}}