{"id":14254,"date":"2026-02-05T13:49:22","date_gmt":"2026-02-05T16:49:22","guid":{"rendered":"https:\/\/elvs-tuc.infd.edu.ar\/sitio\/?page_id=14254"},"modified":"2026-02-18T12:46:00","modified_gmt":"2026-02-18T15:46:00","slug":"campana-ficha-medica-anual","status":"publish","type":"page","link":"https:\/\/elvs-tuc.infd.edu.ar\/sitio\/campana-ficha-medica-anual\/","title":{"rendered":"Campa\u00f1a Ficha M\u00e9dica Anual\u00a0"},"content":{"rendered":"<h5><span style=\"color: #ff0000;\"><b>Atenci\u00f3n: en caso de paro, se reprogramar\u00e1 la atenci\u00f3n.<\/b><\/span><\/h5>\n<p>En caso de confirmarse el <strong>paro programado para el 19 de febrero<\/strong> por los gremios de transporte y del personal no docente universitario, la atenci\u00f3n prevista para el d\u00eda jueves se reprogramar\u00e1 de la siguiente manera:<\/p>\n<ul>\n<li data-start=\"290\" data-end=\"428\"><strong data-start=\"290\" data-end=\"321\">2\u00ba grado (Nivel Primario):<\/strong> podr\u00e1n completar la ficha el <strong data-start=\"351\" data-end=\"365\">viernes 20<\/strong> o el <strong data-start=\"371\" data-end=\"395\">jueves 26 de febrero<\/strong> (\u00fanicamente en esas dos fechas).<\/li>\n<li data-start=\"432\" data-end=\"547\"><strong data-start=\"432\" data-end=\"463\">1\u00ba a\u00f1o (Nivel Secundario):<\/strong> podr\u00e1n completar la ficha <strong data-start=\"490\" data-end=\"546\">desde el viernes 20 hasta el mi\u00e9rcoles 25 de febrero<\/strong>.<\/li>\n<\/ul>\n<hr \/>\n<p><img decoding=\"async\" loading=\"lazy\" class=\"alignnone size-full wp-image-14249\" src=\"https:\/\/elvs-tuc.infd.edu.ar\/sitio\/wp-content\/uploads\/2026\/02\/cronograma.png\" alt=\"\" width=\"829\" height=\"704\" srcset=\"https:\/\/elvs-tuc.infd.edu.ar\/sitio\/wp-content\/uploads\/2026\/02\/cronograma.png 829w, https:\/\/elvs-tuc.infd.edu.ar\/sitio\/wp-content\/uploads\/2026\/02\/cronograma-768x652.png 768w\" sizes=\"(max-width: 829px) 100vw, 829px\" \/><\/p>\n<p><strong>Para descargar la ficha de seguimiento (dirigida a estudiantes que NO son ingresantes y que NO cambian de ciclo ni de nivel) haga <a href=\"https:\/\/elvs-tuc.infd.edu.ar\/sitio\/wp-content\/uploads\/2026\/02\/FICHA-DE-SEGUIMIENTO.pdf\" target=\"_blank\" rel=\"noopener\">clic ac\u00e1<\/a><\/strong><\/p>\n<p><strong>Para descargar la ficha Nivel Inicial\/Primario, haga <a href=\"https:\/\/elvs-tuc.infd.edu.ar\/sitio\/wp-content\/uploads\/2026\/02\/nivel-inicial-primario.pdf\" target=\"_blank\" rel=\"noopener\">clic ac\u00e1<\/a><\/strong><\/p>\n<p><strong>Para descargar la ficha Nivel Medio (dirigida a ingresantes y estudiantes que cambian de ciclo) haga<a href=\"https:\/\/elvs-tuc.infd.edu.ar\/sitio\/wp-content\/uploads\/2026\/02\/nivel-medio.pdf\" target=\"_blank\" rel=\"noopener\"> clic ac\u00e1<\/a><\/strong><\/p>\n<p><strong>Para descargar la ficha Nivel Superior (dirigida a estudiantes ingresantes) haga <a href=\"https:\/\/elvs-tuc.infd.edu.ar\/sitio\/wp-content\/uploads\/2026\/02\/nivel-superior.pdf\" target=\"_blank\" rel=\"noopener\">clic ac\u00e1<\/a><\/strong><\/p>\n<p>&nbsp;<\/p>\n<p><body ondragstart=\"return false\" onselectstart=\"return false\" oncontextmenu=\"return false\"><\/p>\n","protected":false},"excerpt":{"rendered":"<p>Atenci\u00f3n: en caso de paro, se reprogramar\u00e1 la atenci\u00f3n. En caso de confirmarse el paro programado para el 19 de febrero por los gremios de transporte y del personal no docente universitario, la atenci\u00f3n prevista para el d\u00eda jueves se reprogramar\u00e1 de la siguiente manera: 2\u00ba grado (Nivel Primario): podr\u00e1n completar la ficha el viernes &#8230; <a title=\"Campa\u00f1a Ficha M\u00e9dica Anual\u00a0\" class=\"read-more\" href=\"https:\/\/elvs-tuc.infd.edu.ar\/sitio\/campana-ficha-medica-anual\/\" aria-label=\"More on Campa\u00f1a Ficha M\u00e9dica Anual\u00a0\">[+]<\/a><\/p>\n","protected":false},"author":275,"featured_media":0,"parent":0,"menu_order":0,"comment_status":"closed","ping_status":"closed","template":"","meta":[],"acf":[],"_links":{"self":[{"href":"https:\/\/elvs-tuc.infd.edu.ar\/sitio\/wp-json\/wp\/v2\/pages\/14254"}],"collection":[{"href":"https:\/\/elvs-tuc.infd.edu.ar\/sitio\/wp-json\/wp\/v2\/pages"}],"about":[{"href":"https:\/\/elvs-tuc.infd.edu.ar\/sitio\/wp-json\/wp\/v2\/types\/page"}],"author":[{"embeddable":true,"href":"https:\/\/elvs-tuc.infd.edu.ar\/sitio\/wp-json\/wp\/v2\/users\/275"}],"replies":[{"embeddable":true,"href":"https:\/\/elvs-tuc.infd.edu.ar\/sitio\/wp-json\/wp\/v2\/comments?post=14254"}],"version-history":[{"count":20,"href":"https:\/\/elvs-tuc.infd.edu.ar\/sitio\/wp-json\/wp\/v2\/pages\/14254\/revisions"}],"predecessor-version":[{"id":14327,"href":"https:\/\/elvs-tuc.infd.edu.ar\/sitio\/wp-json\/wp\/v2\/pages\/14254\/revisions\/14327"}],"wp:attachment":[{"href":"https:\/\/elvs-tuc.infd.edu.ar\/sitio\/wp-json\/wp\/v2\/media?parent=14254"}],"curies":[{"name":"wp","href":"https:\/\/api.w.org\/{rel}","templated":true}]}}