{"id":12588,"date":"2025-03-14T13:54:19","date_gmt":"2025-03-14T16:54:19","guid":{"rendered":"https:\/\/elvs-tuc.infd.edu.ar\/sitio\/?page_id=12588"},"modified":"2026-03-13T12:22:39","modified_gmt":"2026-03-13T15:22:39","slug":"taller-de-entrevistas-de-ingreso-2026","status":"publish","type":"page","link":"https:\/\/elvs-tuc.infd.edu.ar\/sitio\/taller-de-entrevistas-de-ingreso-2026\/","title":{"rendered":"Taller de Entrevistas de Ingreso 2025"},"content":{"rendered":"<p><span style=\"color: #ff6600;\"><strong>Taller de Entrevistas de Ingreso 2026<br \/><\/strong><\/span><\/p>\n<p><em>Estimada\/o aspirante al ingreso:<\/em><\/p>\n<p>El ingreso a la formaci\u00f3n docente es un momento clave en la construcci\u00f3n de la identidad profesional. Este taller busca acompa\u00f1ar a los aspirantes en su reflexi\u00f3n sobre el rol docente, sus motivaciones y expectativas, ofreciendo un espacio de di\u00e1logo y orientaci\u00f3n. A trav\u00e9s de diversas actividades, se explorar\u00e1n los desaf\u00edos y responsabilidades de la profesi\u00f3n en nivel inicial y primario, fomentando una mirada cr\u00edtica y comprometida con la educaci\u00f3n.<\/p>\n<p><strong>El d\u00eda y hora de su entrevista debe traer desarrolladas las siguientes consignas para ser compartidas:<\/strong><\/p>\n<table width=\"589\">\n<tbody>\n<tr>\n<td width=\"589\">\n<p><strong>Consignas:<\/strong><\/p>\n<ol>\n<li>Realizar una presentaci\u00f3n personal y autobiograf\u00eda escolar, para leerla en el momento de la entrevista. Explicitar las fortalezas que consideran que tienen para ser futuros docentes y buscando responder a la pregunta:\u00a0 <em>\u00bfPor qu\u00e9 quiero ser docente HOY?<\/em>. Extensi\u00f3n m\u00ednima una carilla y m\u00e1xima dos.<\/li>\n<li>Elija una noticia de actualidad sobre alguna problem\u00e1tica social relevante (puede ser del \u00e1mbito provincial, nacional o internacional) que Ud. considere que tiene impacto en la educaci\u00f3n. Coloque el t\u00edtulo de la noticia, el nombre del medio de donde la extrajo y la fecha de publicaci\u00f3n. A partir de la misma desarrolle una reflexi\u00f3n personal de 1 p\u00e1gina m\u00e1ximo. &#8211; Pueden ser noticias de portales digitales &#8211;<\/li>\n<\/ol>\n<p>&#8211;\u00a0\u00a0\u00a0\u00a0\u00a0\u00a0\u00a0\u00a0\u00a0 Ambas consignas deben estar escritas a mano en hoja tama\u00f1o A4 (lisa o rayada).<\/p>\n<p>&#8211;\u00a0\u00a0\u00a0\u00a0\u00a0\u00a0\u00a0\u00a0\u00a0 Traer todo dentro de un folio A4.<\/p>\n<\/td>\n<\/tr>\n<\/tbody>\n<\/table>\n<p><strong>\u00a0<\/strong><\/p>\n<p><span style=\"color: #ff6600;\"><strong>Cronogramas de Entrevistas 2026<\/strong><\/span><\/p>\n<table class=\"dcf-table dcf-table-responsive\">\n<thead>\n<tr>\n<th scope=\"col\">D\u00eda<\/th>\n<th scope=\"col\">Hora<\/th>\n<th scope=\"col\">Alumnos<\/th>\n<\/tr>\n<\/thead>\n<tbody>\n<tr>\n<th scope=\"row\">Martes<\/th>\n<td data-label=\"Hora\">08:00<\/td>\n<td data-label=\"Alumnos\">GRUPO 1<\/td>\n<\/tr>\n<tr>\n<th scope=\"row\">17\/3\/2026<\/th>\n<td data-label=\"Hora\">09:30<\/td>\n<td data-label=\"Alumnos\">1. ARAOZ Angeles Romina Elizabeth<\/td>\n<\/tr>\n<tr>\n<th scope=\"row\">\u00a0<\/th>\n<td data-label=\"Hora\">\u00a0<\/td>\n<td data-label=\"Alumnos\">2. ARGIRO ACOSTA Luciana Bel\u00e9n<\/td>\n<\/tr>\n<tr>\n<th scope=\"row\">\u00a0<\/th>\n<td data-label=\"Hora\">\u00a0<\/td>\n<td data-label=\"Alumnos\">3. AYDAR Samira<\/td>\n<\/tr>\n<tr>\n<th scope=\"row\">\u00a0<\/th>\n<td data-label=\"Hora\">\u00a0<\/td>\n<td data-label=\"Alumnos\">4. BRANDAN Ariana<\/td>\n<\/tr>\n<tr>\n<th scope=\"row\">\u00a0<\/th>\n<td data-label=\"Hora\">\u00a0<\/td>\n<td data-label=\"Alumnos\">5. BURGOS Ana Paula<\/td>\n<\/tr>\n<tr>\n<th scope=\"row\">\u00a0<\/th>\n<td data-label=\"Hora\">\u00a0<\/td>\n<td data-label=\"Alumnos\">6. CALLEJAS Tiziana<\/td>\n<\/tr>\n<tr>\n<th scope=\"row\">\u00a0<\/th>\n<td data-label=\"Hora\">\u00a0<\/td>\n<td data-label=\"Alumnos\">7. CASTILLO Eliana Marisol<\/td>\n<\/tr>\n<tr>\n<th scope=\"row\">\u00a0<\/th>\n<td data-label=\"Hora\">\u00a0<\/td>\n<td data-label=\"Alumnos\">8. COLLADO TERAN Amparo<\/td>\n<\/tr>\n<tr>\n<th scope=\"row\">\u00a0<\/th>\n<td data-label=\"Hora\">\u00a0<\/td>\n<td data-label=\"Alumnos\">9. DIAZ Aldana Natali<\/td>\n<\/tr>\n<tr>\n<th scope=\"row\">Martes<\/th>\n<td data-label=\"Hora\">10:00<\/td>\n<td data-label=\"Alumnos\">GRUPO 2<\/td>\n<\/tr>\n<tr>\n<th scope=\"row\">17\/3\/2026<\/th>\n<td data-label=\"Hora\">11:30<\/td>\n<td data-label=\"Alumnos\">10. ERAZ\u00da Camila<\/td>\n<\/tr>\n<tr>\n<th scope=\"row\">\u00a0<\/th>\n<td data-label=\"Hora\">\u00a0<\/td>\n<td data-label=\"Alumnos\">11. FERN\u00c1NDEZ Facundo Fabricio<\/td>\n<\/tr>\n<tr>\n<th scope=\"row\">\u00a0<\/th>\n<td data-label=\"Hora\">\u00a0<\/td>\n<td data-label=\"Alumnos\">12. GARCIA Antonella Agostina<\/td>\n<\/tr>\n<tr>\n<th scope=\"row\">\u00a0<\/th>\n<td data-label=\"Hora\">\u00a0<\/td>\n<td data-label=\"Alumnos\">13. GOMEZ Facundo Nicolas<\/td>\n<\/tr>\n<tr>\n<th scope=\"row\">\u00a0<\/th>\n<td data-label=\"Hora\">\u00a0<\/td>\n<td data-label=\"Alumnos\">14. G\u00d3MEZ Paula<\/td>\n<\/tr>\n<tr>\n<th scope=\"row\">\u00a0<\/th>\n<td data-label=\"Hora\">\u00a0<\/td>\n<td data-label=\"Alumnos\">15. GRAMAJO POSSE Sof\u00eda<\/td>\n<\/tr>\n<tr>\n<th scope=\"row\">\u00a0<\/th>\n<td data-label=\"Hora\">\u00a0<\/td>\n<td data-label=\"Alumnos\">16. HERRERA Julieta Nazarena<\/td>\n<\/tr>\n<tr>\n<th scope=\"row\">\u00a0<\/th>\n<td data-label=\"Hora\">\u00a0<\/td>\n<td data-label=\"Alumnos\">17. JUAREZ Brenda Nair<\/td>\n<\/tr>\n<tr>\n<th scope=\"row\">\u00a0<\/th>\n<td data-label=\"Hora\">\u00a0<\/td>\n<td data-label=\"Alumnos\">18. LINZEY Agustina Mar\u00eda<\/td>\n<\/tr>\n<tr>\n<th scope=\"row\">Mi\u00e9rcoles<\/th>\n<td data-label=\"Hora\">08:00<\/td>\n<td data-label=\"Alumnos\">GRUPO 3<\/td>\n<\/tr>\n<tr>\n<th scope=\"row\">18\/3\/2026<\/th>\n<td data-label=\"Hora\">09:30<\/td>\n<td data-label=\"Alumnos\">19. MARA\u00d1ON Samira<\/td>\n<\/tr>\n<tr>\n<th scope=\"row\">\u00a0<\/th>\n<td data-label=\"Hora\">\u00a0<\/td>\n<td data-label=\"Alumnos\">20. MATEU Delfina<\/td>\n<\/tr>\n<tr>\n<th scope=\"row\">\u00a0<\/th>\n<td data-label=\"Hora\">\u00a0<\/td>\n<td data-label=\"Alumnos\">21. MOLINA Nancy rocio<\/td>\n<\/tr>\n<tr>\n<th scope=\"row\">\u00a0<\/th>\n<td data-label=\"Hora\">\u00a0<\/td>\n<td data-label=\"Alumnos\">22. MORALES Bianca<\/td>\n<\/tr>\n<tr>\n<th scope=\"row\">\u00a0<\/th>\n<td data-label=\"Hora\">\u00a0<\/td>\n<td data-label=\"Alumnos\">23. MORATA Camila<\/td>\n<\/tr>\n<tr>\n<th scope=\"row\">\u00a0<\/th>\n<td data-label=\"Hora\">\u00a0<\/td>\n<td data-label=\"Alumnos\">24. NAVARRO Camila<\/td>\n<\/tr>\n<tr>\n<th scope=\"row\">\u00a0<\/th>\n<td data-label=\"Hora\">\u00a0<\/td>\n<td data-label=\"Alumnos\">25. NU\u00d1EZ Tamara Elizabeth<\/td>\n<\/tr>\n<tr>\n<th scope=\"row\">\u00a0<\/th>\n<td data-label=\"Hora\">\u00a0<\/td>\n<td data-label=\"Alumnos\">26. PAEZ Edna Berenice<\/td>\n<\/tr>\n<tr>\n<th scope=\"row\">\u00a0<\/th>\n<td data-label=\"Hora\">\u00a0<\/td>\n<td data-label=\"Alumnos\">27. PEREIRA Rita Malena<\/td>\n<\/tr>\n<tr>\n<th scope=\"row\">Mi\u00e9rcoles<\/th>\n<td data-label=\"Hora\">16:00<\/td>\n<td data-label=\"Alumnos\">GRUPO 4<\/td>\n<\/tr>\n<tr>\n<th scope=\"row\">18\/3\/2026<\/th>\n<td data-label=\"Hora\">17:30<\/td>\n<td data-label=\"Alumnos\">28. QUINTERO LATINA Milagros Camila<\/td>\n<\/tr>\n<tr>\n<th scope=\"row\">\u00a0<\/th>\n<td data-label=\"Hora\">\u00a0<\/td>\n<td data-label=\"Alumnos\">29. RAM\u00cdREZ SOLOAGA Melani Abigail<\/td>\n<\/tr>\n<tr>\n<th scope=\"row\">\u00a0<\/th>\n<td data-label=\"Hora\">\u00a0<\/td>\n<td data-label=\"Alumnos\">30. RIVERO Maria Luciana<\/td>\n<\/tr>\n<tr>\n<th scope=\"row\">\u00a0<\/th>\n<td data-label=\"Hora\">\u00a0<\/td>\n<td data-label=\"Alumnos\">31. ROMERO Agustina del Rosario<\/td>\n<\/tr>\n<tr>\n<th scope=\"row\">\u00a0<\/th>\n<td data-label=\"Hora\">\u00a0<\/td>\n<td data-label=\"Alumnos\">32. RUIZ Lara Martina<\/td>\n<\/tr>\n<tr>\n<th scope=\"row\">\u00a0<\/th>\n<td data-label=\"Hora\">\u00a0<\/td>\n<td data-label=\"Alumnos\">33. RUIZ Hugo<\/td>\n<\/tr>\n<tr>\n<th scope=\"row\">\u00a0<\/th>\n<td data-label=\"Hora\">\u00a0<\/td>\n<td data-label=\"Alumnos\">34. RUIZ SOSA MIRANDA<\/td>\n<\/tr>\n<tr>\n<th scope=\"row\">\u00a0<\/th>\n<td data-label=\"Hora\">\u00a0<\/td>\n<td data-label=\"Alumnos\">35. SANTILLAN Micaela Abigail<\/td>\n<\/tr>\n<tr>\n<th scope=\"row\">\u00a0<\/th>\n<td data-label=\"Hora\">\u00a0<\/td>\n<td data-label=\"Alumnos\">36. SERRANO Rocio Martina<\/td>\n<\/tr>\n<tr>\n<th scope=\"row\">Jueves<\/th>\n<td data-label=\"Hora\">14:30 16:00<\/td>\n<td data-label=\"Alumnos\">GRUPO 5<\/td>\n<\/tr>\n<tr>\n<th scope=\"row\">19\/3\/2026<\/th>\n<td data-label=\"Hora\">\u00a0<\/td>\n<td data-label=\"Alumnos\">37. SORIA Iara Valentina<\/td>\n<\/tr>\n<tr>\n<th scope=\"row\">\u00a0<\/th>\n<td data-label=\"Hora\">\u00a0<\/td>\n<td data-label=\"Alumnos\">38. SOSA Lucila Gabriela<\/td>\n<\/tr>\n<tr>\n<th scope=\"row\">\u00a0<\/th>\n<td data-label=\"Hora\">\u00a0<\/td>\n<td data-label=\"Alumnos\">39. TREJO Guadalupe<\/td>\n<\/tr>\n<tr>\n<th scope=\"row\">\u00a0<\/th>\n<td data-label=\"Hora\">\u00a0<\/td>\n<td data-label=\"Alumnos\">40. VELIZ RIVADENEIRA Dulce Mar\u00eda<\/td>\n<\/tr>\n<tr>\n<th scope=\"row\">\u00a0<\/th>\n<td data-label=\"Hora\">\u00a0<\/td>\n<td data-label=\"Alumnos\">41. VILLAFA\u00d1E Mar\u00eda del Rosario<\/td>\n<\/tr>\n<tr>\n<th scope=\"row\">\u00a0<\/th>\n<td data-label=\"Hora\">\u00a0<\/td>\n<td data-label=\"Alumnos\">42. VILLAFA\u00d1E Solange Nazarena<\/td>\n<\/tr>\n<tr>\n<th scope=\"row\">\u00a0<\/th>\n<td data-label=\"Hora\">\u00a0<\/td>\n<td data-label=\"Alumnos\">43. VULLIOUD Justina<\/td>\n<\/tr>\n<tr>\n<th scope=\"row\">\u00a0<\/th>\n<td data-label=\"Hora\">\u00a0<\/td>\n<td data-label=\"Alumnos\">44. YBARRA Erika Camila<\/td>\n<\/tr>\n<tr>\n<th scope=\"row\">\u00a0<\/th>\n<td data-label=\"Hora\">\u00a0<\/td>\n<td data-label=\"Alumnos\">45. ZAMORANO GOMEZ Maria Belen<\/td>\n<\/tr>\n<\/tbody>\n<\/table>\n<p><body ondragstart=\"return false\" onselectstart=\"return false\" oncontextmenu=\"return false\"><\/p>\n","protected":false},"excerpt":{"rendered":"<p>Taller de Entrevistas de Ingreso 2026 Estimada\/o aspirante al ingreso: El ingreso a la formaci\u00f3n docente es un momento clave en la construcci\u00f3n de la identidad profesional. Este taller busca acompa\u00f1ar a los aspirantes en su reflexi\u00f3n sobre el rol docente, sus motivaciones y expectativas, ofreciendo un espacio de di\u00e1logo y orientaci\u00f3n. A trav\u00e9s de &#8230; <a title=\"Taller de Entrevistas de Ingreso 2025\" class=\"read-more\" href=\"https:\/\/elvs-tuc.infd.edu.ar\/sitio\/taller-de-entrevistas-de-ingreso-2026\/\" aria-label=\"More on Taller de Entrevistas de Ingreso 2025\">[+]<\/a><\/p>\n","protected":false},"author":275,"featured_media":0,"parent":0,"menu_order":0,"comment_status":"closed","ping_status":"closed","template":"","meta":[],"acf":[],"_links":{"self":[{"href":"https:\/\/elvs-tuc.infd.edu.ar\/sitio\/wp-json\/wp\/v2\/pages\/12588"}],"collection":[{"href":"https:\/\/elvs-tuc.infd.edu.ar\/sitio\/wp-json\/wp\/v2\/pages"}],"about":[{"href":"https:\/\/elvs-tuc.infd.edu.ar\/sitio\/wp-json\/wp\/v2\/types\/page"}],"author":[{"embeddable":true,"href":"https:\/\/elvs-tuc.infd.edu.ar\/sitio\/wp-json\/wp\/v2\/users\/275"}],"replies":[{"embeddable":true,"href":"https:\/\/elvs-tuc.infd.edu.ar\/sitio\/wp-json\/wp\/v2\/comments?post=12588"}],"version-history":[{"count":6,"href":"https:\/\/elvs-tuc.infd.edu.ar\/sitio\/wp-json\/wp\/v2\/pages\/12588\/revisions"}],"predecessor-version":[{"id":14880,"href":"https:\/\/elvs-tuc.infd.edu.ar\/sitio\/wp-json\/wp\/v2\/pages\/12588\/revisions\/14880"}],"wp:attachment":[{"href":"https:\/\/elvs-tuc.infd.edu.ar\/sitio\/wp-json\/wp\/v2\/media?parent=12588"}],"curies":[{"name":"wp","href":"https:\/\/api.w.org\/{rel}","templated":true}]}}