{"id":11670,"date":"2024-06-18T18:57:14","date_gmt":"2024-06-18T21:57:14","guid":{"rendered":"https:\/\/elvs-tuc.infd.edu.ar\/sitio\/?page_id=11670"},"modified":"2024-09-09T01:30:32","modified_gmt":"2024-09-09T04:30:32","slug":"cai-cronograma-para-la-renovacion-de-integrantes-24","status":"publish","type":"page","link":"https:\/\/elvs-tuc.infd.edu.ar\/sitio\/cai-cronograma-para-la-renovacion-de-integrantes-24\/","title":{"rendered":"cai-cronograma-para-la-renovacion-de-integrantes 24"},"content":{"rendered":"<h5><img decoding=\"async\" loading=\"lazy\" class=\"size-full wp-image-6519 aligncenter\" src=\"https:\/\/elvs-tuc.infd.edu.ar\/sitio\/wp-content\/uploads\/2022\/06\/cai-interna.png\" alt=\"\" width=\"900\" height=\"100\" srcset=\"https:\/\/elvs-tuc.infd.edu.ar\/sitio\/wp-content\/uploads\/2022\/06\/cai-interna.png 900w, https:\/\/elvs-tuc.infd.edu.ar\/sitio\/wp-content\/uploads\/2022\/06\/cai-interna-768x85.png 768w\" sizes=\"(max-width: 900px) 100vw, 900px\" \/><\/h5>\n<hr \/>\n<h5>Se convoca a la inscripci\u00f3n online de interesados\/as en formar parte de los padrones correspondientes a los Estamentos EGRESADAS y PADRES para integrar el Consejo Asesor Interno por el per\u00edodo 2024-2026.<\/h5>\n<h5>La inscripci\u00f3n cierra el 28 de junio de 2024 a las 18:00 horas.<\/h5>\n<hr \/>\n<div  class=\"lgc-column lgc-grid-parent lgc-grid-50 lgc-tablet-grid-50 lgc-mobile-grid-50 lgc-equal-heights \"><div  class=\"inside-grid-column\">\n<p><img decoding=\"async\" loading=\"lazy\" class=\"alignnone  wp-image-6568\" src=\"https:\/\/elvs-tuc.infd.edu.ar\/sitio\/wp-content\/uploads\/2022\/06\/boton-estamento-egresadas.png\" alt=\"\" width=\"320\" height=\"142\" \/><br \/><\/p><\/div><\/div>\n<div  class=\"lgc-column lgc-grid-parent lgc-grid-50 lgc-tablet-grid-50 lgc-mobile-grid-50 lgc-equal-heights \"><div  class=\"inside-grid-column\">\n<p><img decoding=\"async\" loading=\"lazy\" class=\"alignnone  wp-image-6569\" src=\"https:\/\/elvs-tuc.infd.edu.ar\/sitio\/wp-content\/uploads\/2022\/06\/boton-estamento-padres.png\" alt=\"\" width=\"320\" height=\"131\" \/><br \/><\/p><\/div><\/div>\n<h5>Resoluci\u00f3n N\u00b0: RES &#8211; JE &#8211; 7263 \/ 2024. Para visualizarla, haga <a href=\"https:\/\/elvs-tuc.infd.edu.ar\/sitio\/wp-content\/uploads\/2024\/06\/RES-JE-7263-2024-CRONOGRAMA-PARA-LA-RENOVACION-DE-LOS-CAI-DE-LAS-ESCUELAS-E-INSTITUTOS-DE-NIVEL-MEDIO.pdf\" target=\"_blank\" rel=\"noopener\">clic ac\u00e1<\/a><\/h5>\n<hr \/>\n<h5>Para visualizar el Padr\u00f3n del estamento <span style=\"color: #992806;\">EGRESADAS<\/span>, haga <a href=\"https:\/\/elvs-tuc.infd.edu.ar\/sitio\/padron-del-estamento-egresadas\/\" target=\"_blank\" rel=\"noopener\">clic ac\u00e1.<\/a><\/h5>\n<h5>Para visualizar el Padr\u00f3n del estamento <span style=\"color: #000080;\">PADRES<\/span>, haga <a href=\"https:\/\/elvs-tuc.infd.edu.ar\/sitio\/padron-del-estamento-padres\/\" target=\"_blank\" rel=\"noopener\">clic ac\u00e1.<\/a><\/h5>\n<hr \/>\n<h5>Modificaci\u00f3n de secuencias del Cronograma Electoral 2024 para la renovaci\u00f3n total de los Consejo Asesores Internos. Para visualizar la Resoluci\u00f3n de la Junta Electoral, <a href=\"https:\/\/elvs-tuc.infd.edu.ar\/sitio\/wp-content\/uploads\/2024\/08\/RES-JE-10971-2024-MODIFICACION-COMICIOS-CAIS.pdf\" target=\"_blank\" rel=\"noopener\">haga clic ac\u00e1.<\/a><\/h5>\n<hr \/>\n<h5><strong>OFICIALIZACI\u00d3N DE LISTAS.<\/strong><\/h5>\n<h5>&#8211; Renovaci\u00f3n parcial del Consejo de Escuelas Experimentales de la UNT. Para visualizar la Resoluci\u00f3n de la Junta Electoral, <a href=\"https:\/\/elvs-tuc.infd.edu.ar\/sitio\/wp-content\/uploads\/2024\/08\/RES-JE-10948-2024-OFICIALIZACION-DE-LISTAS-CEE.pdf\" target=\"_blank\" rel=\"noopener\">haga clic ac\u00e1<\/a><\/h5>\n<h5>&#8211; Renovaci\u00f3n total de los Consejos Asesores Internos de las Escuelas de nivel medio de la UNT. Para visualizar la Resoluci\u00f3n de la Junta Electoral, <a href=\"https:\/\/elvs-tuc.infd.edu.ar\/sitio\/wp-content\/uploads\/2024\/08\/RES-JE-10947-2024-OFICIALIZACION-DE-LISTAS-CAIS.pdf\" target=\"_blank\" rel=\"noopener\">haga clic ac\u00e1.<\/a><\/h5>\n<hr \/>\n<h5>PROCLAMACI\u00d3N DE CANDIDATOS.<\/h5>\n<h5>Para visualizar la Resoluci\u00f3n RES &#8211; JE &#8211; 11778 &#8211; 2024, haga <a href=\"https:\/\/elvs-tuc.infd.edu.ar\/sitio\/wp-content\/uploads\/2024\/09\/RES-JE-11778-2024-CAI-ELVS-PROCLAMACION-DE-CANDIDATOS.pdf\" target=\"_blank\" rel=\"noopener\">clic ac\u00e1<\/a><\/h5>\n<hr \/>\n<p><body ondragstart=\"return false\" onselectstart=\"return false\" oncontextmenu=\"return false\"><\/p>\n","protected":false},"excerpt":{"rendered":"<p>Se convoca a la inscripci\u00f3n online de interesados\/as en formar parte de los padrones correspondientes a los Estamentos EGRESADAS y PADRES para integrar el Consejo Asesor Interno por el per\u00edodo 2024-2026. La inscripci\u00f3n cierra el 28 de junio de 2024 a las 18:00 horas. \u00a0 \u00a0 Resoluci\u00f3n N\u00b0: RES &#8211; JE &#8211; 7263 \/ 2024. &#8230; <a title=\"cai-cronograma-para-la-renovacion-de-integrantes 24\" class=\"read-more\" href=\"https:\/\/elvs-tuc.infd.edu.ar\/sitio\/cai-cronograma-para-la-renovacion-de-integrantes-24\/\" aria-label=\"More on cai-cronograma-para-la-renovacion-de-integrantes 24\">[+]<\/a><\/p>\n","protected":false},"author":275,"featured_media":0,"parent":0,"menu_order":0,"comment_status":"closed","ping_status":"closed","template":"","meta":[],"acf":[],"_links":{"self":[{"href":"https:\/\/elvs-tuc.infd.edu.ar\/sitio\/wp-json\/wp\/v2\/pages\/11670"}],"collection":[{"href":"https:\/\/elvs-tuc.infd.edu.ar\/sitio\/wp-json\/wp\/v2\/pages"}],"about":[{"href":"https:\/\/elvs-tuc.infd.edu.ar\/sitio\/wp-json\/wp\/v2\/types\/page"}],"author":[{"embeddable":true,"href":"https:\/\/elvs-tuc.infd.edu.ar\/sitio\/wp-json\/wp\/v2\/users\/275"}],"replies":[{"embeddable":true,"href":"https:\/\/elvs-tuc.infd.edu.ar\/sitio\/wp-json\/wp\/v2\/comments?post=11670"}],"version-history":[{"count":24,"href":"https:\/\/elvs-tuc.infd.edu.ar\/sitio\/wp-json\/wp\/v2\/pages\/11670\/revisions"}],"predecessor-version":[{"id":11868,"href":"https:\/\/elvs-tuc.infd.edu.ar\/sitio\/wp-json\/wp\/v2\/pages\/11670\/revisions\/11868"}],"wp:attachment":[{"href":"https:\/\/elvs-tuc.infd.edu.ar\/sitio\/wp-json\/wp\/v2\/media?parent=11670"}],"curies":[{"name":"wp","href":"https:\/\/api.w.org\/{rel}","templated":true}]}}