{"id":11185,"date":"2024-03-27T12:50:20","date_gmt":"2024-03-27T15:50:20","guid":{"rendered":"https:\/\/elvs-tuc.infd.edu.ar\/sitio\/?page_id=11185"},"modified":"2026-03-12T01:41:23","modified_gmt":"2026-03-12T04:41:23","slug":"elegi-tu-optativa-ciclo-lectivo-2026","status":"publish","type":"page","link":"https:\/\/elvs-tuc.infd.edu.ar\/sitio\/elegi-tu-optativa-ciclo-lectivo-2026\/","title":{"rendered":"Eleg\u00ed tu optativa ciclo lectivo 2026"},"content":{"rendered":"<p><img decoding=\"async\" loading=\"lazy\" class=\"aligncenter wp-image-14830\" src=\"https:\/\/elvs-tuc.infd.edu.ar\/sitio\/wp-content\/uploads\/2026\/03\/portada-interna-26.jpg\" alt=\"\" width=\"1028\" height=\"428\" srcset=\"https:\/\/elvs-tuc.infd.edu.ar\/sitio\/wp-content\/uploads\/2026\/03\/portada-interna-26.jpg 900w, https:\/\/elvs-tuc.infd.edu.ar\/sitio\/wp-content\/uploads\/2026\/03\/portada-interna-26-768x320.jpg 768w\" sizes=\"(max-width: 1028px) 100vw, 1028px\" \/><\/p>\n<p><body ondragstart=\"return false\" onselectstart=\"return false\" oncontextmenu=\"return false\"><\/p>\n<h4>NIVEL PRIMARIO (4tos y 5tos GRADOS)<\/h4>\n<div  class=\"lgc-column lgc-grid-parent lgc-grid-33 lgc-tablet-grid-33 lgc-mobile-grid-33 lgc-equal-heights \"><div  class=\"inside-grid-column\"> <a href=\"https:\/\/elvs-tuc.infd.edu.ar\/sitio\/arte-escenico-teatro-primaria\/\" target=\"_blank\" rel=\"noopener\"><img decoding=\"async\" loading=\"lazy\" class=\"alignnone size-full wp-image-2114\" src=\"https:\/\/elvs-tuc.infd.edu.ar\/sitio\/wp-content\/uploads\/2020\/04\/teatro.jpg\" alt=\"\" width=\"300\" height=\"300\" \/><\/a> <\/div><\/div> <div  class=\"lgc-column lgc-grid-parent lgc-grid-33 lgc-tablet-grid-33 lgc-mobile-grid-33 lgc-equal-heights \"><div  class=\"inside-grid-column\"> <a href=\"https:\/\/elvs-tuc.infd.edu.ar\/sitio\/guitarra-y-ensamble-musical-primaria\/\" target=\"_blank\" rel=\"noopener\"><img decoding=\"async\" loading=\"lazy\" class=\"alignnone size-full wp-image-6014\" src=\"https:\/\/elvs-tuc.infd.edu.ar\/sitio\/wp-content\/uploads\/2022\/04\/guitarra-y-ensamble.jpg\" alt=\"\" width=\"300\" height=\"300\" \/><\/a> <\/div><\/div> <div  class=\"lgc-column lgc-grid-parent lgc-grid-33 lgc-tablet-grid-33 lgc-mobile-grid-33 lgc-equal-heights \"><div  class=\"inside-grid-column\"> <a href=\"https:\/\/elvs-tuc.infd.edu.ar\/sitio\/expresion-corporal-primaria\/\" target=\"_blank\" rel=\"noopener\"><img decoding=\"async\" loading=\"lazy\" class=\"alignnone size-full wp-image-3714\" src=\"https:\/\/elvs-tuc.infd.edu.ar\/sitio\/wp-content\/uploads\/2021\/04\/exprres.jpg\" alt=\"\" width=\"300\" height=\"300\" \/><\/a> <\/div><\/div> <div  class=\"lgc-column lgc-grid-parent lgc-grid-33 lgc-tablet-grid-33 lgc-mobile-grid-33 lgc-equal-heights \"><div  class=\"inside-grid-column\"> <a href=\"https:\/\/elvs-tuc.infd.edu.ar\/sitio\/fotografia-primaria\/\" target=\"_blank\" rel=\"noopener\"><img decoding=\"async\" loading=\"lazy\" class=\"alignnone size-full wp-image-2115\" src=\"https:\/\/elvs-tuc.infd.edu.ar\/sitio\/wp-content\/uploads\/2020\/04\/menu.jpg\" alt=\"\" width=\"300\" height=\"300\" \/><\/a> <\/div><\/div> <div  class=\"lgc-column lgc-grid-parent lgc-grid-33 lgc-tablet-grid-33 lgc-mobile-grid-33 lgc-equal-heights \"><div  class=\"inside-grid-column\"> <a href=\"https:\/\/elvs-tuc.infd.edu.ar\/sitio\/creatividad-y-comunicacion-audiovisual\/\" target=\"_blank\" rel=\"noopener\"><img decoding=\"async\" loading=\"lazy\" class=\"alignnone size-full wp-image-3713\" src=\"https:\/\/elvs-tuc.infd.edu.ar\/sitio\/wp-content\/uploads\/2021\/04\/comunicaci\u00f3n.jpg\" alt=\"\" width=\"300\" height=\"300\" \/><\/a> <\/div><\/div> <div  class=\"lgc-column lgc-grid-parent lgc-grid-33 lgc-tablet-grid-33 lgc-mobile-grid-33 lgc-equal-heights \"><div  class=\"inside-grid-column\"> <a href=\"https:\/\/elvs-tuc.infd.edu.ar\/sitio\/titeres-y-manipulacion-de-objetos\/\" target=\"_blank\" rel=\"noopener\"><img decoding=\"async\" loading=\"lazy\" class=\"alignnone size-full wp-image-3715\" src=\"https:\/\/elvs-tuc.infd.edu.ar\/sitio\/wp-content\/uploads\/2021\/04\/t\u00edteress.jpg\" alt=\"\" width=\"300\" height=\"300\" \/><\/a> <\/div><\/div> <span style=\"color: #ffffff;\">&#8230;&#8230;&#8230;&#8230;&#8230;&#8230;&#8230;&#8230;&#8230;&#8230;&#8230;&#8230;&#8230;&#8230;&#8230;&#8230;&#8230;&#8230;&#8230;.<\/span><\/p>\n<hr \/>\n<h5><span style=\"color: #ff6600;\">Para visualizar el instructivo, haz<\/span> <a href=\"https:\/\/elvs-tuc.infd.edu.ar\/sitio\/wp-content\/uploads\/2026\/03\/Instructivo-nivel-primario.pdf\" target=\"_blank\" rel=\"noopener\">clic ac\u00e1<\/a><\/h5>\n<h5><span style=\"color: #ff6600;\">PARA INSCRIBIRTE, HAZ<\/span> <a href=\"https:\/\/forms.gle\/8KuweNX73CMxDPMy7\" target=\"_blank\" rel=\"noopener\">CLIC AQU\u00cd<\/a><\/h5>\n<hr \/>\n<h4>NIVEL SECUNDARIO. CICLO B\u00c1SICO (1\u00ba, 2\u00ba y 3\u00ba A\u00d1OS)<\/h4>\n<div  class=\"lgc-column lgc-grid-parent lgc-grid-33 lgc-tablet-grid-33 lgc-mobile-grid-33 lgc-equal-heights \"><div  class=\"inside-grid-column\">\n<p><a href=\"https:\/\/elvs-tuc.infd.edu.ar\/sitio\/arte-escenico-teatro-exploracion\/\" target=\"_blank\" rel=\"noopener\"><img decoding=\"async\" loading=\"lazy\" class=\"alignnone size-full wp-image-2114\" src=\"https:\/\/elvs-tuc.infd.edu.ar\/sitio\/wp-content\/uploads\/2020\/04\/teatro.jpg\" alt=\"\" width=\"300\" height=\"300\" \/><\/a><\/p>\n<p><\/p><\/div><\/div>\n<div  class=\"lgc-column lgc-grid-parent lgc-grid-33 lgc-tablet-grid-33 lgc-mobile-grid-33 lgc-equal-heights \"><div  class=\"inside-grid-column\">\n<p><a href=\"https:\/\/elvs-tuc.infd.edu.ar\/sitio\/guitarra-y-ensamble-musical-exploracion\/\" target=\"_blank\" rel=\"noopener\"><img decoding=\"async\" loading=\"lazy\" class=\"alignnone size-full wp-image-6014\" src=\"https:\/\/elvs-tuc.infd.edu.ar\/sitio\/wp-content\/uploads\/2022\/04\/guitarra-y-ensamble.jpg\" alt=\"\" width=\"300\" height=\"300\" \/><\/a><\/p>\n<p><\/p><\/div><\/div>\n<div  class=\"lgc-column lgc-grid-parent lgc-grid-33 lgc-tablet-grid-33 lgc-mobile-grid-33 lgc-equal-heights \"><div  class=\"inside-grid-column\">\n<p><a href=\"https:\/\/elvs-tuc.infd.edu.ar\/sitio\/expresion-corporal-exploracion\/\" target=\"_blank\" rel=\"noopener\"><img decoding=\"async\" loading=\"lazy\" class=\"alignnone size-full wp-image-3714\" src=\"https:\/\/elvs-tuc.infd.edu.ar\/sitio\/wp-content\/uploads\/2021\/04\/exprres.jpg\" alt=\"\" width=\"300\" height=\"300\" \/><\/a><\/p>\n<p><\/p><\/div><\/div>\n<div  class=\"lgc-column lgc-grid-parent lgc-grid-33 lgc-tablet-grid-33 lgc-mobile-grid-33 lgc-equal-heights \"><div  class=\"inside-grid-column\">\n<p><a href=\"https:\/\/elvs-tuc.infd.edu.ar\/sitio\/serigrafia-exploracion\/\" target=\"_blank\" rel=\"noopener\"><img decoding=\"async\" loading=\"lazy\" class=\"alignnone size-full wp-image-2113\" src=\"https:\/\/elvs-tuc.infd.edu.ar\/sitio\/wp-content\/uploads\/2020\/04\/serigraf\u00eda.jpg\" alt=\"\" width=\"300\" height=\"300\" \/><\/a><\/p>\n<p><\/p><\/div><\/div>\n<div  class=\"lgc-column lgc-grid-parent lgc-grid-33 lgc-tablet-grid-33 lgc-mobile-grid-33 lgc-equal-heights \"><div  class=\"inside-grid-column\">\n<p><a href=\"https:\/\/elvs-tuc.infd.edu.ar\/sitio\/danzas-folcloricas-exploracion\/\" target=\"_blank\" rel=\"noopener\"><img decoding=\"async\" loading=\"lazy\" class=\"alignnone size-full wp-image-2108\" src=\"https:\/\/elvs-tuc.infd.edu.ar\/sitio\/wp-content\/uploads\/2020\/04\/danzas-folcl\u00f3ricas.jpg\" alt=\"\" width=\"300\" height=\"300\" \/><\/a><\/p>\n<p><\/p><\/div><\/div>\n<div  class=\"lgc-column lgc-grid-parent lgc-grid-33 lgc-tablet-grid-33 lgc-mobile-grid-33 lgc-equal-heights \"><div  class=\"inside-grid-column\">\n<p><a href=\"https:\/\/elvs-tuc.infd.edu.ar\/sitio\/danzas-afro-exploracion\/\" target=\"_blank\" rel=\"noopener\"><img decoding=\"async\" loading=\"lazy\" class=\"alignnone size-full wp-image-3747\" src=\"https:\/\/elvs-tuc.infd.edu.ar\/sitio\/wp-content\/uploads\/2021\/04\/danzas-afro.jpg\" alt=\"\" width=\"300\" height=\"300\" \/><\/a><\/p>\n<p><\/p><\/div><\/div>\n<div  class=\"lgc-column lgc-grid-parent lgc-grid-33 lgc-tablet-grid-33 lgc-mobile-grid-33 lgc-equal-heights \"><div  class=\"inside-grid-column\">\n<p><a href=\"https:\/\/elvs-tuc.infd.edu.ar\/sitio\/percusion-exploracion\/\" target=\"_blank\" rel=\"noopener\"><img decoding=\"async\" loading=\"lazy\" class=\"alignnone size-full wp-image-2112\" src=\"https:\/\/elvs-tuc.infd.edu.ar\/sitio\/wp-content\/uploads\/2020\/04\/percu.jpg\" alt=\"\" width=\"300\" height=\"300\" \/><\/a><\/p>\n<p><\/p><\/div><\/div>\n<div  class=\"lgc-column lgc-grid-parent lgc-grid-33 lgc-tablet-grid-33 lgc-mobile-grid-33 lgc-equal-heights \"><div  class=\"inside-grid-column\">\n<p><a href=\"https:\/\/elvs-tuc.infd.edu.ar\/sitio\/ceramica-exploracion\/\" target=\"_blank\" rel=\"noopener\"><img decoding=\"async\" loading=\"lazy\" class=\"alignnone size-full wp-image-11274\" src=\"https:\/\/elvs-tuc.infd.edu.ar\/sitio\/wp-content\/uploads\/2024\/03\/ceramica-1.jpg\" alt=\"\" width=\"300\" height=\"300\" \/><\/a><\/p>\n<p><\/p><\/div><\/div>\n<div  class=\"lgc-column lgc-grid-parent lgc-grid-33 lgc-tablet-grid-33 lgc-mobile-grid-33 lgc-equal-heights \"><div  class=\"inside-grid-column\">\u00a0\n<p><a href=\"https:\/\/elvs-tuc.infd.edu.ar\/sitio\/artes-visuales-contemporaneas-exploracion\/\" target=\"_blank\" rel=\"noopener\"><img decoding=\"async\" loading=\"lazy\" class=\"alignnone size-full wp-image-12666\" src=\"https:\/\/elvs-tuc.infd.edu.ar\/sitio\/wp-content\/uploads\/2025\/03\/Artes-visuales-contemporaneas0.jpg\" alt=\"\" width=\"300\" height=\"300\" \/><\/a><\/p>\n<p><\/p><\/div><\/div>\n<div  class=\"lgc-column lgc-grid-parent lgc-grid-33 lgc-tablet-grid-33 lgc-mobile-grid-33 lgc-equal-heights \"><div  class=\"inside-grid-column\">\n<p><a href=\"https:\/\/elvs-tuc.infd.edu.ar\/sitio\/experimento-cine-exploracion\/\" target=\"_blank\" rel=\"noopener\"><img decoding=\"async\" loading=\"lazy\" class=\"alignnone size-full wp-image-11264\" src=\"https:\/\/elvs-tuc.infd.edu.ar\/sitio\/wp-content\/uploads\/2024\/03\/experimento-cine0.jpg\" alt=\"\" width=\"300\" height=\"300\" \/><\/a><\/p>\n<p><\/p><\/div><\/div>\n<div  class=\"lgc-column lgc-grid-parent lgc-grid-33 lgc-tablet-grid-33 lgc-mobile-grid-33 lgc-equal-heights \"><div  class=\"inside-grid-column\">\n<p>&nbsp;<\/p>\n<p><\/p><\/div><\/div>\n<div  class=\"lgc-column lgc-grid-parent lgc-grid-33 lgc-tablet-grid-33 lgc-mobile-grid-33 lgc-equal-heights \"><div  class=\"inside-grid-column\">\n<p>&nbsp;<\/p>\n<p><\/p><\/div><\/div>\n<hr \/>\n<h5><strong><span style=\"color: #ff6600;\">Para visualizar el instructivo, haz<\/span> <a href=\"https:\/\/elvs-tuc.infd.edu.ar\/sitio\/wp-content\/uploads\/2026\/03\/Instructivo-ciclo-basico.pdf\" target=\"_blank\" rel=\"noopener\">clic ac\u00e1<\/a><\/strong><\/h5>\n<h5><span style=\"color: #ff6600;\">PARA INSCRIBIRTE, HAZ<\/span><a href=\"https:\/\/forms.gle\/CyU479WbgB8o6BAu5\" target=\"_blank\" rel=\"noopener\"> CLIC AQU\u00cd<\/a><\/h5>\n<hr \/>\n<h4>NIVEL SECUNDARIO . CICLO DE ORIENTACI\u00d3N (4\u00ba, 5\u00ba y 6\u00ba A\u00d1OS)<\/h4>\n<div  class=\"lgc-column lgc-grid-parent lgc-grid-33 lgc-tablet-grid-33 lgc-mobile-grid-33 lgc-equal-heights \"><div  class=\"inside-grid-column\">\n<p><a href=\"https:\/\/elvs-tuc.infd.edu.ar\/sitio\/arte-escenico-teatro-orientacion\/\" target=\"_blank\" rel=\"noopener\"><img decoding=\"async\" loading=\"lazy\" class=\"alignnone size-full wp-image-2114\" src=\"https:\/\/elvs-tuc.infd.edu.ar\/sitio\/wp-content\/uploads\/2020\/04\/teatro.jpg\" alt=\"\" width=\"300\" height=\"300\" \/><\/a><\/p>\n<p><\/p><\/div><\/div>\n<div  class=\"lgc-column lgc-grid-parent lgc-grid-33 lgc-tablet-grid-33 lgc-mobile-grid-33 lgc-equal-heights \"><div  class=\"inside-grid-column\">\n<p><a href=\"https:\/\/elvs-tuc.infd.edu.ar\/sitio\/expresion-corporal-orientacion\/\" target=\"_blank\" rel=\"noopener\"><img decoding=\"async\" loading=\"lazy\" class=\"alignnone size-full wp-image-3714\" src=\"https:\/\/elvs-tuc.infd.edu.ar\/sitio\/wp-content\/uploads\/2021\/04\/exprres.jpg\" alt=\"\" width=\"300\" height=\"300\" \/><\/a><\/p>\n<p><\/p><\/div><\/div>\n<div  class=\"lgc-column lgc-grid-parent lgc-grid-33 lgc-tablet-grid-33 lgc-mobile-grid-33 lgc-equal-heights \"><div  class=\"inside-grid-column\">\n<p><a href=\"https:\/\/elvs-tuc.infd.edu.ar\/sitio\/serigrafia-orientacion\/\" target=\"_blank\" rel=\"noopener\"><img decoding=\"async\" loading=\"lazy\" class=\"alignnone size-full wp-image-2113\" src=\"https:\/\/elvs-tuc.infd.edu.ar\/sitio\/wp-content\/uploads\/2020\/04\/serigraf\u00eda.jpg\" alt=\"\" width=\"300\" height=\"300\" \/><\/a><\/p>\n<p><\/p><\/div><\/div>\n<div  class=\"lgc-column lgc-grid-parent lgc-grid-33 lgc-tablet-grid-33 lgc-mobile-grid-33 lgc-equal-heights \"><div  class=\"inside-grid-column\">\n<p><a href=\"https:\/\/elvs-tuc.infd.edu.ar\/sitio\/danzas-folcloricas-orientacion\/\" target=\"_blank\" rel=\"noopener\"><img decoding=\"async\" loading=\"lazy\" class=\"alignnone size-full wp-image-2108\" src=\"https:\/\/elvs-tuc.infd.edu.ar\/sitio\/wp-content\/uploads\/2020\/04\/danzas-folcl\u00f3ricas.jpg\" alt=\"\" width=\"300\" height=\"300\" \/><\/a><\/p>\n<p><\/p><\/div><\/div>\n<div  class=\"lgc-column lgc-grid-parent lgc-grid-33 lgc-tablet-grid-33 lgc-mobile-grid-33 lgc-equal-heights \"><div  class=\"inside-grid-column\">\n<p><a href=\"https:\/\/elvs-tuc.infd.edu.ar\/sitio\/danzas-afro-orientacion\/\" target=\"_blank\" rel=\"noopener\"><img decoding=\"async\" loading=\"lazy\" class=\"alignnone size-full wp-image-3747\" src=\"https:\/\/elvs-tuc.infd.edu.ar\/sitio\/wp-content\/uploads\/2021\/04\/danzas-afro.jpg\" alt=\"\" width=\"300\" height=\"300\" \/><\/a><\/p>\n<p><\/p><\/div><\/div>\n<div  class=\"lgc-column lgc-grid-parent lgc-grid-33 lgc-tablet-grid-33 lgc-mobile-grid-33 lgc-equal-heights \"><div  class=\"inside-grid-column\">\n<p><a href=\"https:\/\/elvs-tuc.infd.edu.ar\/sitio\/percusion-orientacion\/\" target=\"_blank\" rel=\"noopener\"><img decoding=\"async\" loading=\"lazy\" class=\"alignnone size-full wp-image-2112\" src=\"https:\/\/elvs-tuc.infd.edu.ar\/sitio\/wp-content\/uploads\/2020\/04\/percu.jpg\" alt=\"\" width=\"300\" height=\"300\" \/><\/a><\/p>\n<p><\/p><\/div><\/div>\n<div  class=\"lgc-column lgc-grid-parent lgc-grid-33 lgc-tablet-grid-33 lgc-mobile-grid-33 lgc-equal-heights \"><div  class=\"inside-grid-column\">\n<p><a href=\"https:\/\/elvs-tuc.infd.edu.ar\/sitio\/ceramica-orientacion\/\" target=\"_blank\" rel=\"noopener\"><img decoding=\"async\" loading=\"lazy\" class=\"alignnone size-full wp-image-11274\" src=\"https:\/\/elvs-tuc.infd.edu.ar\/sitio\/wp-content\/uploads\/2024\/03\/ceramica-1.jpg\" alt=\"\" width=\"300\" height=\"300\" \/><\/a><\/p>\n<p><\/p><\/div><\/div>\n<div  class=\"lgc-column lgc-grid-parent lgc-grid-33 lgc-tablet-grid-33 lgc-mobile-grid-33 lgc-equal-heights \"><div  class=\"inside-grid-column\">\n<p><a href=\"https:\/\/elvs-tuc.infd.edu.ar\/sitio\/artes-visuales-contemporaneas-orientacion\/\" target=\"_blank\" rel=\"noopener\"><img decoding=\"async\" loading=\"lazy\" class=\"alignnone size-full wp-image-12666\" src=\"https:\/\/elvs-tuc.infd.edu.ar\/sitio\/wp-content\/uploads\/2025\/03\/Artes-visuales-contemporaneas0.jpg\" alt=\"\" width=\"300\" height=\"300\" \/><\/a><\/p>\n<p><\/p><\/div><\/div>\n<div  class=\"lgc-column lgc-grid-parent lgc-grid-33 lgc-tablet-grid-33 lgc-mobile-grid-33 lgc-equal-heights \"><div  class=\"inside-grid-column\">\n<p><a href=\"https:\/\/elvs-tuc.infd.edu.ar\/sitio\/experimento-cine-orientacion\/\" target=\"_blank\" rel=\"noopener\"><img decoding=\"async\" loading=\"lazy\" class=\"alignnone size-full wp-image-11264\" src=\"https:\/\/elvs-tuc.infd.edu.ar\/sitio\/wp-content\/uploads\/2024\/03\/experimento-cine0.jpg\" alt=\"\" width=\"300\" height=\"300\" \/><\/a><\/p>\n<p><\/p><\/div><\/div>\n<hr \/>\n<h5><strong><span style=\"color: #ff6600;\">Para visualizar el instructivo, haz<\/span><a href=\"https:\/\/elvs-tuc.infd.edu.ar\/sitio\/wp-content\/uploads\/2026\/03\/Instructivo-ciclo-orientacion.pdf\" target=\"_blank\" rel=\"noopener\"> clic ac\u00e1<\/a><\/strong><\/h5>\n<h5><span style=\"color: #ff6600;\">PARA INSCRIBIRTE, HAZ<\/span> <a href=\"https:\/\/forms.gle\/f8MeSqtTEVYiHcBU9\" target=\"_blank\" rel=\"noopener\">CLIC AQU\u00cd<\/a><\/h5>\n<hr \/>\n<p><body ondragstart=\"return false\" onselectstart=\"return false\" oncontextmenu=\"return false\"><\/p>\n","protected":false},"excerpt":{"rendered":"<p>NIVEL PRIMARIO (4tos y 5tos GRADOS) &#8230;&#8230;&#8230;&#8230;&#8230;&#8230;&#8230;&#8230;&#8230;&#8230;&#8230;&#8230;&#8230;&#8230;&#8230;&#8230;&#8230;&#8230;&#8230;. Para visualizar el instructivo, haz clic ac\u00e1 PARA INSCRIBIRTE, HAZ CLIC AQU\u00cd NIVEL SECUNDARIO. CICLO B\u00c1SICO (1\u00ba, 2\u00ba y 3\u00ba A\u00d1OS) Para visualizar el instructivo, haz clic ac\u00e1 PARA INSCRIBIRTE, HAZ CLIC AQU\u00cd NIVEL SECUNDARIO . CICLO DE ORIENTACI\u00d3N (4\u00ba, 5\u00ba y 6\u00ba A\u00d1OS) \u00a0 Para visualizar el &#8230; <a title=\"Eleg\u00ed tu optativa ciclo lectivo 2026\" class=\"read-more\" href=\"https:\/\/elvs-tuc.infd.edu.ar\/sitio\/elegi-tu-optativa-ciclo-lectivo-2026\/\" aria-label=\"More on Eleg\u00ed tu optativa ciclo lectivo 2026\">[+]<\/a><\/p>\n","protected":false},"author":275,"featured_media":0,"parent":0,"menu_order":0,"comment_status":"closed","ping_status":"closed","template":"","meta":[],"acf":[],"_links":{"self":[{"href":"https:\/\/elvs-tuc.infd.edu.ar\/sitio\/wp-json\/wp\/v2\/pages\/11185"}],"collection":[{"href":"https:\/\/elvs-tuc.infd.edu.ar\/sitio\/wp-json\/wp\/v2\/pages"}],"about":[{"href":"https:\/\/elvs-tuc.infd.edu.ar\/sitio\/wp-json\/wp\/v2\/types\/page"}],"author":[{"embeddable":true,"href":"https:\/\/elvs-tuc.infd.edu.ar\/sitio\/wp-json\/wp\/v2\/users\/275"}],"replies":[{"embeddable":true,"href":"https:\/\/elvs-tuc.infd.edu.ar\/sitio\/wp-json\/wp\/v2\/comments?post=11185"}],"version-history":[{"count":248,"href":"https:\/\/elvs-tuc.infd.edu.ar\/sitio\/wp-json\/wp\/v2\/pages\/11185\/revisions"}],"predecessor-version":[{"id":14857,"href":"https:\/\/elvs-tuc.infd.edu.ar\/sitio\/wp-json\/wp\/v2\/pages\/11185\/revisions\/14857"}],"wp:attachment":[{"href":"https:\/\/elvs-tuc.infd.edu.ar\/sitio\/wp-json\/wp\/v2\/media?parent=11185"}],"curies":[{"name":"wp","href":"https:\/\/api.w.org\/{rel}","templated":true}]}}